{"id":813,"date":"2023-04-30T15:50:43","date_gmt":"2023-04-30T13:50:43","guid":{"rendered":"https:\/\/biarritz.wordcamp.org\/2023\/?page_id=813"},"modified":"2023-07-01T10:19:06","modified_gmt":"2023-07-01T08:19:06","slug":"devenir-conferencier","status":"publish","type":"page","link":"https:\/\/biarritz.wordcamp.org\/2023\/devenir-conferencier\/","title":{"rendered":"Devenez orateur \/ oratrice : l&rsquo;appel \u00e0 candidatures est lanc\u00e9 !"},"content":{"rendered":"\n<div class=\"wp-block-group is-layout-flow wp-block-group-is-layout-flow\">\n<div class=\"wp-block-group is-content-justification-center is-nowrap is-layout-flex wp-container-core-group-is-layout-ff976b70 wp-block-group-is-layout-flex\">\n<nav aria-label=\"Table des mati\u00e8res\" class=\"wp-block-table-of-contents has-link-color wp-elements-6c904f762a1996a4890f9a63da7161c3 wp-container-content-b0223bd5\"><ol><li><a class=\"wp-block-table-of-contents__entry\" href=\"https:\/\/biarritz.wordcamp.org\/2023\/devenir-conferencier\/#pourquoi-proposer-une-conference\">Pourquoi proposer une conf\u00e9rence ?<\/a><\/li><li><a class=\"wp-block-table-of-contents__entry\" href=\"https:\/\/biarritz.wordcamp.org\/2023\/devenir-conferencier\/#quels-sujets-aborder\">Quels sujets aborder ?<\/a><\/li><li><a class=\"wp-block-table-of-contents__entry\" href=\"https:\/\/biarritz.wordcamp.org\/2023\/devenir-conferencier\/#formats-de-conferences\">Formats de conf\u00e9rences<\/a><\/li><li><a class=\"wp-block-table-of-contents__entry\" href=\"https:\/\/biarritz.wordcamp.org\/2023\/devenir-conferencier\/#comment-proposer-un-sujet-de-conference-pour-le-wordcamp-biarritz\">Comment proposer un sujet de conf\u00e9rence pour le WordCamp Biarritz ?<\/a><\/li><\/ol><\/nav>\n\n\n\n<div class=\"wp-block-group has-global-padding is-layout-constrained wp-container-core-group-is-layout-dd32767c wp-block-group-is-layout-constrained\">\n<p>Vous r\u00e9fl\u00e9chissez \u00e0 devenir oratrice ou orateur lors du prochain WordCamp Biarritz, le 6 octobre 2023&nbsp;? N\u2019h\u00e9sitez plus et venez partager votre expertise et vos retours d&rsquo;exp\u00e9riences lors de l\u2019\u00e9v\u00e8nement WordPress fran\u00e7ais de cette fin d&rsquo;ann\u00e9e !<\/p>\n\n\n\n<h2 class=\"wp-block-heading\" id=\"pourquoi-proposer-une-conference\">Pourquoi proposer une conf\u00e9rence ?<\/h2>\n\n\n\n<p>En pr\u00e9sentant une conf\u00e9rence lors du WordCamp Biarritz, vous pourrez&nbsp;:<\/p>\n\n\n\n<ul class=\"wp-block-list\">\n<li>Partager votre expertise et savoir-faire concernant WordPress&nbsp;;<\/li>\n\n\n\n<li>Rencontrer de nouvelles t\u00eates, mais aussi les pros et habitu\u00e9\u00b7es du domaine&nbsp;;<\/li>\n\n\n\n<li>Trouver de nouvelles opportunit\u00e9s professionnelles&nbsp;;<\/li>\n\n\n\n<li>Aider la communaut\u00e9 WordPress \u00e0 grandir et \u00e0 s&rsquo;am\u00e9liorer.<\/li>\n<\/ul>\n\n\n\n<p>Ce WordCamp Biarritz est aussi l\u2019occasion de pousser des sujets qui nous tiennent \u00e0 c\u0153ur :<\/p>\n\n\n\n<ul class=\"wp-block-list\">\n<li><strong>L\u2019inclusivit\u00e9 et l\u2019\u00e9largissement des publics<\/strong> : l\u2019audience des WordCamps est g\u00e9n\u00e9ralement vari\u00e9e (1\/3 de participantes, par exemple, lors des WordCamps Bordeaux 2017 et 2019). Nous estimons cependant que nous pouvons, et devons, aller plus loin dans notre d\u00e9marche, pour ouvrir l\u2019\u00e9v\u00e8nement \u00e0 toutes et tous ;<\/li>\n\n\n\n<li><strong>La diversit\u00e9 des intervenant\u00b7es<\/strong> : comme toujours, WordCamp Biarritz sera l&rsquo;occasion de recevoir des personnes reconnues pour leur expertise dans la communaut\u00e9. Cependant, nous souhaitons \u00e9galement ouvrir la sc\u00e8ne \u00e0 des personnes in\u00e9dites dans les \u00e9v\u00e8nements WordPress, soit parce qu\u2019elles ne fr\u00e9quentent pas la communaut\u00e9, soit parce qu\u2019elles y ont un pied, mais n\u2019osent pas proposer de conf\u00e9rences ;<\/li>\n\n\n\n<li><strong>L\u2019accessibilit\u00e9<\/strong> : que ce soit par le biais de sujets de conf\u00e9rences ou l\u2019accessibilit\u00e9 de l\u2019\u00e9v\u00e8nement (<a href=\"https:\/\/2023.biarritz.wordcamp.org\/appel-sponsors\/\">aidez-nous en sponsorisant l&rsquo;\u00e9v\u00e8nement<\/a>) ;<\/li>\n\n\n\n<li><strong>L&rsquo;\u00e9co-responsabilit\u00e9<\/strong> : le WordCamp Bordeaux 2019 fut la premi\u00e8re initiative a porter cette ambition d&rsquo;un Web plus durable au sein de l&rsquo;\u00e9cosyst\u00e8me WordPress. Nous poursuivrons ces efforts avant, pendant et apr\u00e8s l&rsquo;\u00e9v\u00e8nement.<\/li>\n<\/ul>\n\n\n\n<figure class=\"wp-block-image size-full\"><img data-recalc-dims=\"1\" loading=\"lazy\" decoding=\"async\" width=\"799\" height=\"533\" src=\"https:\/\/i0.wp.com\/biarritz.wordcamp.org\/2023\/files\/2023\/05\/40543367583_bc4131b6be_c.jpg?resize=799%2C533&#038;ssl=1\" alt=\"Daniel Roch lors du WordCamp Bordeaux 2019\" class=\"wp-image-1755\" srcset=\"https:\/\/i0.wp.com\/biarritz.wordcamp.org\/2023\/files\/2023\/05\/40543367583_bc4131b6be_c.jpg?w=799&amp;ssl=1 799w, https:\/\/i0.wp.com\/biarritz.wordcamp.org\/2023\/files\/2023\/05\/40543367583_bc4131b6be_c.jpg?resize=300%2C200&amp;ssl=1 300w, https:\/\/i0.wp.com\/biarritz.wordcamp.org\/2023\/files\/2023\/05\/40543367583_bc4131b6be_c.jpg?resize=768%2C512&amp;ssl=1 768w, https:\/\/i0.wp.com\/biarritz.wordcamp.org\/2023\/files\/2023\/05\/40543367583_bc4131b6be_c.jpg?resize=450%2C300&amp;ssl=1 450w\" sizes=\"auto, (max-width: 799px) 100vw, 799px\" \/><figcaption class=\"wp-element-caption\">Daniel Roch lors du WordCamp Bordeaux 2019 : \u00ab Comment auditer son site WordPress : SEO, s\u00e9curit\u00e9, th\u00e8mes, extensions, tout y passe ! \u00bb \u2013 Photo WordPress Francophone<\/figcaption><\/figure>\n\n\n\n<h2 class=\"wp-block-heading\" id=\"quels-sujets-aborder\">Quels sujets aborder ?<\/h2>\n\n\n\n<p>Avant de vous lancer et de nous envoyer votre ou vos&nbsp;propositions de sujets, quelques r\u00e8gles :<\/p>\n\n\n\n<ul class=\"wp-block-list\">\n<li>Les pr\u00e9sentations concernent sp\u00e9cifiquement WordPress \u2013 ou presque, dans certains cas, nous acceptons des sujets dits d&rsquo;\u00ab ouverture \u00bb, par exemple sur le design UX\/UI, l&rsquo;accessibilit\u00e9, la contribution \u00e9ditoriale\u2026&nbsp;;<\/li>\n\n\n\n<li>Vous n\u2019avez pas besoin d\u2019avoir une exp\u00e9rience pr\u00e9alable d\u2019oratrice ou d\u2019orateur. Au contraire, c&rsquo;est l&rsquo;occasion de vous lancer ! Certaines personnes ont donn\u00e9 leur toute premi\u00e8re conf\u00e9rence lors d&rsquo;un WordCamp\u202f;<\/li>\n\n\n\n<li>Vous devez avoir une r\u00e9elle connaissance du sujet que vous souhaitez aborder ;<\/li>\n\n\n\n<li>Les pr\u00e9sentations \u00ab marketing \u00bb de vos services ne sont pas les bienvenues.<\/li>\n<\/ul>\n\n\n\n<p><strong>Vous souhaitez proposer une conf\u00e9rence mais pensez ne rien avoir \u00e0 dire ? D\u00e9trompez-vous.<\/strong> Vous avez certainement des connaissances et \/ ou un retour d&rsquo;exp\u00e9rience sur un des sujets suivants&nbsp;:<\/p>\n\n\n\n<ul class=\"wp-block-list\">\n<li>Les <strong>bases de WordPress<\/strong> : une conf\u00e9rence sur les bases de WordPress pour aider les personnes qui d\u00e9butent \u00e0 en comprendre les fondamentaux est toujours utile. D\u00e9veloppement, cr\u00e9ation de th\u00e8mes, contribution, traduction, choisissez un angle d&rsquo;attaque et lancez-vous !<\/li>\n\n\n\n<li>Le <strong>d\u00e9veloppement d&rsquo;extensions<\/strong> : les conf\u00e9rences plus technique ont toujours beaucoup de succ\u00e8s aupr\u00e8s des d\u00e9veloppeurs, vos exp\u00e9riences et astuces en la mati\u00e8re sont une excellente base pour un sujet de conf\u00e9rence&nbsp;;<\/li>\n\n\n\n<li>Le <strong>r\u00e9f\u00e9rencement naturel<\/strong> : encore un sujet tr\u00e8s pris\u00e9 des WordCamps. Une multitude de sujets et d&rsquo;angles sont possibles, depuis les bases du r\u00e9f\u00e9rencement aux sujets plus pr\u00e9cis comme l&rsquo;\u00e9volution des algorithmes, du cadre l\u00e9gal ou encore les retours d&rsquo;exp\u00e9rience sur le r\u00e9f\u00e9rencement de sites e-commerce&nbsp;;<\/li>\n\n\n\n<li>La <strong>s\u00e9curit\u00e9 de WordPress<\/strong> : encore un sujet n\u00e9cessitant de l&rsquo;expertise s&rsquo;il en est. Encore une fois, vous pouvez proposer une pr\u00e9sentation pour aider toute personne qui d\u00e9bute \u00e0 prot\u00e9ger ses sites des attaques malveillantes, ou pousser le sujet plus loin&nbsp;;<\/li>\n\n\n\n<li>Le <strong>marketing de contenu<\/strong> : comment contribuer sur un site WordPress&nbsp;? Comment g\u00e9rer une \u00e9quipe de contribution&nbsp;? Un planning de publication&nbsp;pertinent&nbsp;? S&rsquo;assurer de l&rsquo;accessibilit\u00e9 des contenus&nbsp;? De leur long\u00e9vit\u00e9&nbsp;? Autant de sujets primordiaux pour qui g\u00e8re un ou des sites au quotidien&nbsp;;<\/li>\n\n\n\n<li>Les <strong>th\u00e8mes WordPress<\/strong> : un sujet qui int\u00e9resse toujours les int\u00e9grateurs, int\u00e9gratrices et d\u00e9veloppeurs <em>front<\/em> \u2013 parfois m\u00eame les designers&nbsp;! Ici encore, les angles de r\u00e9flexion ne manquent pas : accessibilit\u00e9, \u00e9co-conception, performance\u2026 ;<\/li>\n\n\n\n<li>La <strong>vente en ligne <\/strong>: autre sujet phare des WordCamps, le e-commerce. WooCommerce pour les d\u00e9butants, comment cr\u00e9er une boutique de produits d\u00e9mat\u00e9rialis\u00e9s en ligne, un LMS (Learning Management System, ou syst\u00e8me de gestion de l&rsquo;apprentissage) ou un retour d&rsquo;exp\u00e9rience pr\u00e9cis sur la gestion d&rsquo;une boutique en ligne, l\u00e0 encore les sujets sont l\u00e9gions. Vous pouvez m\u00eame&nbsp;combiner les sujets entre eux : pourquoi pas une conf\u00e9rence sur les boutiques en ligne et l&rsquo;accessibilit\u00e9, la performance ou l&rsquo;\u00e9co-conception ?<\/li>\n<\/ul>\n\n\n\n<p>Si vous manquez encore d&rsquo;id\u00e9es apr\u00e8s avoir lu cette liste, pas de panique, nous publierons d&rsquo;ici peu une liste de sujets, fa\u00e7on \u00ab bo\u00eete \u00e0 id\u00e9es \u00bb pour vous aider \u00e0 vous d\u00e9cider \u2013 et sugg\u00e9rer les sujets que nous souhaiterions voir aborder.<\/p>\n\n\n\n<figure class=\"wp-block-image size-full\"><img data-recalc-dims=\"1\" loading=\"lazy\" decoding=\"async\" width=\"799\" height=\"533\" src=\"https:\/\/i0.wp.com\/biarritz.wordcamp.org\/2023\/files\/2023\/05\/46593826395_718b26484c_c.jpg?resize=799%2C533&#038;ssl=1\" alt=\"St\u00e9phanie Laporte lors du WordCamp Bordeaux 2019\" class=\"wp-image-1753\" srcset=\"https:\/\/i0.wp.com\/biarritz.wordcamp.org\/2023\/files\/2023\/05\/46593826395_718b26484c_c.jpg?w=799&amp;ssl=1 799w, https:\/\/i0.wp.com\/biarritz.wordcamp.org\/2023\/files\/2023\/05\/46593826395_718b26484c_c.jpg?resize=300%2C200&amp;ssl=1 300w, https:\/\/i0.wp.com\/biarritz.wordcamp.org\/2023\/files\/2023\/05\/46593826395_718b26484c_c.jpg?resize=768%2C512&amp;ssl=1 768w, https:\/\/i0.wp.com\/biarritz.wordcamp.org\/2023\/files\/2023\/05\/46593826395_718b26484c_c.jpg?resize=450%2C300&amp;ssl=1 450w\" sizes=\"auto, (max-width: 799px) 100vw, 799px\" \/><figcaption class=\"wp-element-caption\">St\u00e9phanie Laporte lors du WordCamp Bordeaux 2019 : \u00ab R\u00e9seaux sociaux, de la visibilit\u00e9 \u00e0 la rentabilit\u00e9 \u00bb \u2013 Photo WordPress Francophone<\/figcaption><\/figure>\n\n\n\n<h2 class=\"wp-block-heading\" id=\"formats-de-conferences\">Formats de conf\u00e9rences<\/h2>\n\n\n\n<p>Vous souhaitez nous envoyer une proposition de sujet mais ne savez pas quel format adopter&nbsp;? Quelques infos pour vous aider.<\/p>\n\n\n\n<ul class=\"wp-block-list\">\n<li><strong>Conf\u00e9rences<\/strong> : vous avez suffisamment de mati\u00e8re pour d\u00e9rouler votre sujet sur un temps long sans perdre votre audience. La dur\u00e9e des conf\u00e9rences est fix\u00e9e \u00e0 45 minutes, suivie d\u2019un temps de questions-r\u00e9ponses, fix\u00e9 \u00e0 10 minutes. <strong>Vous \u00eates libre d\u2019adopter ce format ou non<\/strong>, tant que la dur\u00e9e de votre intervention n\u2019exc\u00e8de pas les 55 minutes, questions incluses.<\/li>\n\n\n\n<li><strong>Mini-conf\u00e9rences <\/strong>: votre sujet peut \u00eatre d\u00e9roul\u00e9 sur un temps plus court car vous savez le r\u00e9sumer de mani\u00e8re percutante, ou il s&rsquo;agit d&rsquo;une introduction \u00e0 un th\u00e8me pr\u00e9cis. La dur\u00e9e des mini-conf\u00e9rences est fix\u00e9e \u00e0 20 minutes, suivi d&rsquo;un temps de questions-r\u00e9ponses de 5 minutes. L\u00e0 encore, <strong>vous \u00eates libre d\u2019adopter ce format ou non<\/strong>, tant que la dur\u00e9e de votre intervention n\u2019exc\u00e8de pas les 25 minutes, questions incluses.<\/li>\n<\/ul>\n\n\n\n<p>Votre conf\u00e9rence ou mini-conf\u00e9rence se d\u00e9roulera dans l&rsquo;amphith\u00e9\u00e2tre ou dans l&rsquo;auditorium, selon la programmation.<\/p>\n\n\n\n<figure class=\"wp-block-image size-full\"><img data-recalc-dims=\"1\" loading=\"lazy\" decoding=\"async\" width=\"799\" height=\"533\" src=\"https:\/\/i0.wp.com\/biarritz.wordcamp.org\/2023\/files\/2023\/05\/40543358843_5691093d2b_c.jpg?resize=799%2C533&#038;ssl=1\" alt=\"Jack Lenox lors du WordCamp Bordeaux 2019\" class=\"wp-image-1757\" srcset=\"https:\/\/i0.wp.com\/biarritz.wordcamp.org\/2023\/files\/2023\/05\/40543358843_5691093d2b_c.jpg?w=799&amp;ssl=1 799w, https:\/\/i0.wp.com\/biarritz.wordcamp.org\/2023\/files\/2023\/05\/40543358843_5691093d2b_c.jpg?resize=300%2C200&amp;ssl=1 300w, https:\/\/i0.wp.com\/biarritz.wordcamp.org\/2023\/files\/2023\/05\/40543358843_5691093d2b_c.jpg?resize=768%2C512&amp;ssl=1 768w, https:\/\/i0.wp.com\/biarritz.wordcamp.org\/2023\/files\/2023\/05\/40543358843_5691093d2b_c.jpg?resize=450%2C300&amp;ssl=1 450w\" sizes=\"auto, (max-width: 799px) 100vw, 799px\" \/><figcaption class=\"wp-element-caption\">Jack Lenox lors du WordCamp Bordeaux 2019 : \u00ab How better performing websites can help save the planet? \u00bb \u2013 Photo WordPress Francophone<\/figcaption><\/figure>\n\n\n\n<h2 class=\"wp-block-heading\" id=\"comment-proposer-un-sujet-de-conference-pour-le-wordcamp-biarritz\">Comment proposer un sujet de conf\u00e9rence pour le WordCamp Biarritz ?<\/h2>\n\n\n\n<p>Int\u00e9ress\u00e9\u00b7e ? Vous devez soumettre une proposition de sujet via le formulaire qui suit. Les propositions doivent inclure un titre, une description, le format de votre intervention ainsi qu&rsquo;une biographie et des informations sur vos comp\u00e9tences et exp\u00e9riences en rapport avec votre sujet. Vous pouvez bien entendu soumettre plusieurs id\u00e9es, \u00e0 raison d\u2019une par formulaire afin de faciliter le traitement.<\/p>\n\n\n\n<p>Les propositions de pr\u00e9sentation seront \u00e9valu\u00e9es par un comit\u00e9 de s\u00e9lection qui choisira les sujets les plus pertinents. Nous vous contacterons si votre proposition de pr\u00e9sentation est retenue.<\/p>\n\n\n\n<p><strong>L\u2019appel \u00e0 candidatures sera clos le&nbsp;30 juin 2023<\/strong>. L\u2019\u00e9quipe du WordCamp Biarritz \u00e9tablira ensuite le programme. Toutes les personnes ayant envoy\u00e9 une proposition de sujet seront avis\u00e9es personnellement de la suite donn\u00e9e.<\/p>\n\n\n\n<p><strong>Des h\u00e9sitations, des questions, des suggestions d\u2019oratrices et d\u2019orateurs ou de sujets \u00e0 traiter ? Contactez-nous sur <\/strong><a href=\"mailto:biarritz@wordcamp.org ?cc=&amp;bcc=&amp;subject=Question Intervention WordCamp Biarritz 2023&amp;body=\">biarritz@wordcamp.org<\/a><strong>.<\/strong><\/p>\n\n\n\n<p class=\"has-custom-toolbox-color has-text-color\"><strong>L&rsquo;appel est d\u00e9sormais clos, merci \u00e0 tous pour vos propositions. Le programme sera publi\u00e9 prochainement.<\/strong><\/p>\n<\/div>\n<\/div>\n<\/div>\n\n\n\n<div style=\"height:6rem\" aria-hidden=\"true\" class=\"wp-block-spacer\"><\/div>\n","protected":false},"excerpt":{"rendered":"<p>Vous r\u00e9fl\u00e9chissez \u00e0 devenir oratrice ou orateur lors du prochain WordCamp Biarritz, le 6 octobre 2023&nbsp;? N\u2019h\u00e9sitez plus et venez partager votre expertise et vos retours d&rsquo;exp\u00e9riences lors de l\u2019\u00e9v\u00e8nement WordPress fran\u00e7ais de cette fin d&rsquo;ann\u00e9e ! Pourquoi proposer une conf\u00e9rence ? En pr\u00e9sentant une conf\u00e9rence lors du WordCamp Biarritz, vous pourrez&nbsp;: Ce WordCamp Biarritz [&hellip;]<\/p>\n","protected":false},"author":388646,"featured_media":241,"parent":0,"menu_order":0,"comment_status":"closed","ping_status":"closed","template":"page-avec-sommaire","meta":{"advanced_seo_description":"","jetpack_seo_html_title":"","jetpack_seo_noindex":false,"jetpack_post_was_ever_published":false,"footnotes":""},"class_list":["post-813","page","type-page","status-publish","has-post-thumbnail","hentry"],"jetpack_sharing_enabled":true,"_links":{"self":[{"href":"https:\/\/biarritz.wordcamp.org\/2023\/wp-json\/wp\/v2\/pages\/813","targetHints":{"allow":["GET"]}}],"collection":[{"href":"https:\/\/biarritz.wordcamp.org\/2023\/wp-json\/wp\/v2\/pages"}],"about":[{"href":"https:\/\/biarritz.wordcamp.org\/2023\/wp-json\/wp\/v2\/types\/page"}],"author":[{"embeddable":true,"href":"https:\/\/biarritz.wordcamp.org\/2023\/wp-json\/wp\/v2\/users\/388646"}],"replies":[{"embeddable":true,"href":"https:\/\/biarritz.wordcamp.org\/2023\/wp-json\/wp\/v2\/comments?post=813"}],"version-history":[{"count":42,"href":"https:\/\/biarritz.wordcamp.org\/2023\/wp-json\/wp\/v2\/pages\/813\/revisions"}],"predecessor-version":[{"id":2159,"href":"https:\/\/biarritz.wordcamp.org\/2023\/wp-json\/wp\/v2\/pages\/813\/revisions\/2159"}],"wp:featuredmedia":[{"embeddable":true,"href":"https:\/\/biarritz.wordcamp.org\/2023\/wp-json\/wp\/v2\/media\/241"}],"wp:attachment":[{"href":"https:\/\/biarritz.wordcamp.org\/2023\/wp-json\/wp\/v2\/media?parent=813"}],"curies":[{"name":"wp","href":"https:\/\/api.w.org\/{rel}","templated":true}]}}