{"id":783,"date":"2023-04-30T15:02:52","date_gmt":"2023-04-30T13:02:52","guid":{"rendered":"https:\/\/biarritz.wordcamp.org\/2023\/?page_id=783"},"modified":"2023-09-01T17:30:24","modified_gmt":"2023-09-01T15:30:24","slug":"devenir-sponsor","status":"publish","type":"page","link":"https:\/\/biarritz.wordcamp.org\/2023\/devenir-sponsor\/","title":{"rendered":"Devenir sponsor"},"content":{"rendered":"\n<div class=\"wp-block-group is-layout-flow wp-block-group-is-layout-flow\">\n<div class=\"wp-block-group is-content-justification-center is-nowrap is-layout-flex wp-container-core-group-is-layout-f8feb321 wp-block-group-is-layout-flex\">\n<nav aria-label=\"Table des mati\u00e8res\" class=\"wp-block-table-of-contents has-link-color wp-elements-63f789dd7905009842cb20dc5a239acd wp-container-content-577e1c61\"><ol><li><a class=\"wp-block-table-of-contents__entry\" href=\"https:\/\/biarritz.wordcamp.org\/2023\/devenir-sponsor\/#10-bonnes-raisons-de-sponsoriser-l-evenement\">10 bonnes raisons de sponsoriser l\u2018\u00e9v\u00e8nement<\/a><\/li><li><a class=\"wp-block-table-of-contents__entry\" href=\"https:\/\/biarritz.wordcamp.org\/2023\/devenir-sponsor\/#demande-de-sponsoring\">Demande de sponsoring<\/a><\/li><\/ol><\/nav>\n\n\n\n<div class=\"wp-block-group has-global-padding is-layout-constrained wp-container-core-group-is-layout-dd32767c wp-block-group-is-layout-constrained\">\n<h2 class=\"wp-block-heading\" id=\"10-bonnes-raisons-de-sponsoriser-l-evenement\">10 bonnes raisons de sponsoriser l\u2018\u00e9v\u00e8nement<\/h2>\n\n\n\n<p>Nous sommes ravis de vous pr\u00e9senter la premi\u00e8re \u00e9dition du WordCamp Biarritz, l&rsquo;\u00e9v\u00e8nement le plus attendu de l&rsquo;ann\u00e9e pour les amateurs, les professionnels et les passionn\u00e9s de WordPress. En tant qu&rsquo;organisateur, nous souhaitons vous pr\u00e9senter dix excellentes raisons de soutenir cet \u00e9v\u00e8nement en tant que sponsor local ou national :<\/p>\n\n\n\n<ol class=\"wp-block-list\">\n<li><strong>Visibilit\u00e9 accrue<\/strong> : sponsoriser le WordCamp Biarritz vous offre une visibilit\u00e9 in\u00e9gal\u00e9e aupr\u00e8s d&rsquo;un large public compos\u00e9 d&rsquo;experts, de d\u00e9veloppeurs, de designers et de blogueurs influents dans le domaine du Web ;<\/li>\n\n\n\n<li><strong>R\u00e9seau d&rsquo;experts<\/strong> : en participant en tant que sponsor, vous aurez l&rsquo;occasion de vous connecter avec des leaders d&rsquo;opinion, des experts et des professionnels de l&rsquo;industrie, ce qui peut ouvrir des portes pour des collaborations futures et renforcer votre r\u00e9seau professionnel ;<\/li>\n\n\n\n<li><strong>Promotion de votre marque<\/strong> : vous b\u00e9n\u00e9ficierez d&rsquo;une exposition continue de votre marque avant, pendant et apr\u00e8s l&rsquo;\u00e9v\u00e8nement. Votre logo sera pr\u00e9sent sur notre site web, sur les supports promotionnels imprim\u00e9s et num\u00e9riques et vous pourrez m\u00eame profiter d&rsquo;opportunit\u00e9s de parler de votre entreprise sur sc\u00e8ne ;<\/li>\n\n\n\n<li><strong>Acc\u00e8s aux talents<\/strong> : le WordCamp Biarritz rassemble des talents et des passionn\u00e9s de WordPress venant de toute la r\u00e9gion et au-del\u00e0. En tant que sponsor, vous aurez la possibilit\u00e9 de rep\u00e9rer de nouveaux talents, d&rsquo;identifier de futurs employ\u00e9s et de renforcer votre \u00e9quipe avec les meilleurs experts de WordPress ;<\/li>\n\n\n\n<li><strong>Opportunit\u00e9s de recrutement<\/strong> : notre \u00e9v\u00e8nement offre un cadre id\u00e9al pour rencontrer des personnes qualifi\u00e9es \u00e0 la recherche de nouvelles opportunit\u00e9s professionnelles. Un <em>job dating<\/em> sera organis\u00e9 pour vous permettre d&rsquo;interagir directement avec des candidats potentiels ;<\/li>\n\n\n\n<li><strong>Partage de connaissances<\/strong> : en sponsorisant le WordCamp Biarritz, vous contribuez \u00e0 promouvoir la diffusion de connaissances et d&rsquo;expertise. Vous soutenez ainsi la communaut\u00e9 locale en aidant les participants \u00e0 d\u00e9velopper leurs comp\u00e9tences techniques et en favorisant l&rsquo;\u00e9change de bonnes pratiques ;<\/li>\n\n\n\n<li><strong>D\u00e9monstration de leadership<\/strong> : en soutenant un \u00e9v\u00e8nement local aussi prestigieux, vous montrez votre engagement envers la communaut\u00e9 et renforcez votre image de leader dans votre domaine d&rsquo;activit\u00e9 ;<\/li>\n\n\n\n<li><strong>Possibilit\u00e9s de partenariats<\/strong> : le WordCamp Biarritz offre un environnement propice aux partenariats et aux collaborations. En sponsorisant l&rsquo;\u00e9v\u00e8nement, vous aurez l&rsquo;opportunit\u00e9 de nouer des relations strat\u00e9giques avec d&rsquo;autres entreprises locales et nationales qui partagent des int\u00e9r\u00eats communs ;<\/li>\n\n\n\n<li><strong>Responsabilit\u00e9 sociale<\/strong> : vous soutenez une initiative communautaire, \u00e9co-responsable, accessible et contribuez au d\u00e9veloppement de comp\u00e9tences et \u00e0 la diffusion du savoir-faire dans le domaine du Web. Cela renforce votre image en tant qu&rsquo;entreprise socialement responsable ;<\/li>\n\n\n\n<li><strong>Retomb\u00e9es m\u00e9diatiques<\/strong> : le WordCamp Biarritz est un \u00e9v\u00e8nement majeur dans le secteur du Web et attire l&rsquo;attention des m\u00e9dias sp\u00e9cialis\u00e9s et des blogueurs influents. En tant que sponsor, vous b\u00e9n\u00e9ficierez d&rsquo;une couverture m\u00e9diatique importante, ce qui accro\u00eetra la visibilit\u00e9 de votre entreprise et renforcera votre positionnement sur le march\u00e9 ;<\/li>\n<\/ol>\n\n\n\n<p>Nous esp\u00e9rons que ces dix bonnes raisons vous ont convaincu de l&rsquo;int\u00e9r\u00eat de sponsoriser le WordCamp Biarritz. Cet \u00e9v\u00e8nement offre une occasion unique de vous connecter avec la communaut\u00e9 WordPress, de promouvoir votre marque, de rencontrer des experts et de renforcer votre r\u00e9seau professionnel.<\/p>\n\n\n\n<p>Nous serions ravis de discuter plus en d\u00e9tail des diff\u00e9rentes options de sponsoring et de personnaliser une offre qui r\u00e9pondra \u00e0 vos besoins sp\u00e9cifiques. Votre soutien contribuera grandement \u00e0 la r\u00e9ussite de cet \u00e9v\u00e8nement m\u00e9morable et \u00e0 l\u2019enrichissement de la communaut\u00e9 locale du web.<\/p>\n\n\n\n<p>Milesker !<\/p>\n\n\n\n<h2 class=\"wp-block-heading\" id=\"demande-de-sponsoring\">Demande de sponsoring<\/h2>\n\n\n\n<div class=\"wp-block-buttons is-horizontal is-content-justification-center is-layout-flex wp-container-core-buttons-is-layout-b187110c wp-block-buttons-is-layout-flex\">\n<div class=\"wp-block-button\"><a class=\"wp-block-button__link has-text-align-center wp-element-button\" href=\"https:\/\/biarritz.wordcamp.org\/2023\/files\/2023\/05\/wcbtz-dossier-sponsoring.pdf\" target=\"_blank\" rel=\"noreferrer noopener\">T\u00e9l\u00e9chargez notre dossier de sponsoring<\/a><\/div>\n\n\n\n<div class=\"wp-block-button is-style-outline is-style-outline--1\"><a class=\"wp-block-button__link has-text-align-center wp-element-button\" href=\"https:\/\/biarritz.wordcamp.org\/2023\/files\/2023\/05\/wcbtz-dossier-sponsoring-en.pdf\" target=\"_blank\" rel=\"noreferrer noopener\">Download the sponsoring File<\/a><\/div>\n<\/div>\n\n\n\n<div style=\"height:60px\" aria-hidden=\"true\" class=\"wp-block-spacer\"><\/div>\n\n\n\n<figure class=\"wp-block-table is-style-stripes\"><table><tbody><tr><td><strong>Niveau<\/strong><\/td><td>Billet Skipper<br>(150\u20ac)<\/td><td>Courtisan<br>(750\u20ac)<\/td><td>Princier<br>(1500\u20ac)<\/td><td>Royal<br>(3000\u20ac)<\/td><td>Imp\u00e9rial<br>(6000\u20ac)<\/td><\/tr><tr><td><strong>Disponibilit\u00e9s<\/strong><\/td><td>&#8211;<\/td><td><mark style=\"color:#c41818\" class=\"has-inline-color\">0\/7<\/mark><\/td><td><mark style=\"color:#c61818\" class=\"has-inline-color\">0\/5<\/mark><\/td><td><mark style=\"color:#c61818\" class=\"has-inline-color\">0\/3<\/mark><\/td><td><mark style=\"color:#c61818\" class=\"has-inline-color\">0\/1<\/mark><\/td><\/tr><\/tbody><\/table><\/figure>\n\n\n\n<div style=\"height:60px\" aria-hidden=\"true\" class=\"wp-block-spacer\"><\/div>\n\n\n\n<p>Plus aucune disponibilit\u00e9 de sponsoring. Merci de votre soutien !<\/p>\n<\/div>\n<\/div>\n<\/div>\n\n\n\n<div style=\"height:6rem\" aria-hidden=\"true\" class=\"wp-block-spacer\"><\/div>\n","protected":false},"excerpt":{"rendered":"<p>10 bonnes raisons de sponsoriser l\u2018\u00e9v\u00e8nement Nous sommes ravis de vous pr\u00e9senter la premi\u00e8re \u00e9dition du WordCamp Biarritz, l&rsquo;\u00e9v\u00e8nement le plus attendu de l&rsquo;ann\u00e9e pour les amateurs, les professionnels et les passionn\u00e9s de WordPress. En tant qu&rsquo;organisateur, nous souhaitons vous pr\u00e9senter dix excellentes raisons de soutenir cet \u00e9v\u00e8nement en tant que sponsor local ou national [&hellip;]<\/p>\n","protected":false},"author":388646,"featured_media":849,"parent":0,"menu_order":0,"comment_status":"closed","ping_status":"closed","template":"page-avec-sommaire","meta":{"advanced_seo_description":"","jetpack_seo_html_title":"","jetpack_seo_noindex":false,"jetpack_post_was_ever_published":false,"footnotes":""},"class_list":["post-783","page","type-page","status-publish","has-post-thumbnail","hentry"],"jetpack_sharing_enabled":true,"_links":{"self":[{"href":"https:\/\/biarritz.wordcamp.org\/2023\/wp-json\/wp\/v2\/pages\/783","targetHints":{"allow":["GET"]}}],"collection":[{"href":"https:\/\/biarritz.wordcamp.org\/2023\/wp-json\/wp\/v2\/pages"}],"about":[{"href":"https:\/\/biarritz.wordcamp.org\/2023\/wp-json\/wp\/v2\/types\/page"}],"author":[{"embeddable":true,"href":"https:\/\/biarritz.wordcamp.org\/2023\/wp-json\/wp\/v2\/users\/388646"}],"replies":[{"embeddable":true,"href":"https:\/\/biarritz.wordcamp.org\/2023\/wp-json\/wp\/v2\/comments?post=783"}],"version-history":[{"count":42,"href":"https:\/\/biarritz.wordcamp.org\/2023\/wp-json\/wp\/v2\/pages\/783\/revisions"}],"predecessor-version":[{"id":2856,"href":"https:\/\/biarritz.wordcamp.org\/2023\/wp-json\/wp\/v2\/pages\/783\/revisions\/2856"}],"wp:featuredmedia":[{"embeddable":true,"href":"https:\/\/biarritz.wordcamp.org\/2023\/wp-json\/wp\/v2\/media\/849"}],"wp:attachment":[{"href":"https:\/\/biarritz.wordcamp.org\/2023\/wp-json\/wp\/v2\/media?parent=783"}],"curies":[{"name":"wp","href":"https:\/\/api.w.org\/{rel}","templated":true}]}}