{"id":539,"date":"2023-04-30T09:26:41","date_gmt":"2023-04-30T07:26:41","guid":{"rendered":"https:\/\/biarritz.wordcamp.org\/2023\/?page_id=539"},"modified":"2023-05-10T23:25:13","modified_gmt":"2023-05-10T21:25:13","slug":"un-wordcamp-kezako","status":"publish","type":"page","link":"https:\/\/biarritz.wordcamp.org\/2023\/un-wordcamp-kezako\/","title":{"rendered":"Un WordCamp, kezako ?"},"content":{"rendered":"\n<div class=\"wp-block-group has-global-padding is-layout-constrained wp-container-core-group-is-layout-dd32767c wp-block-group-is-layout-constrained\">\n<p>Un WordCamp est un \u00e9v\u00e9nement communautaire qui tourne autour de la plateforme de gestion de contenu WordPress. Ces \u00e9v\u00e9nements sont organis\u00e9s par des membres de la communaut\u00e9 WordPress pour la communaut\u00e9 WordPress et sont g\u00e9n\u00e9ralement d&rsquo;une dur\u00e9e de un ou deux jours.<\/p>\n\n\n\n<p>Les WordCamps ont commenc\u00e9 en 2006 \u00e0 San Francisco, en Californie, et depuis lors, ils se sont multipli\u00e9s dans le monde entier, r\u00e9unissant des passionn\u00e9s de WordPress, des d\u00e9veloppeurs, des designers, des entrepreneurs, des blogueurs et bien plus encore.<\/p>\n\n\n\n<p>L&rsquo;objectif principal d&rsquo;un WordCamp est de rassembler la communaut\u00e9 WordPress pour partager des id\u00e9es, des connaissances et des exp\u00e9riences. C&rsquo;est une occasion unique de rencontrer des personnes partageant les m\u00eames id\u00e9es et de r\u00e9seauter avec des professionnels de l&rsquo;industrie.<\/p>\n\n\n\n<p>Les WordCamps sont g\u00e9n\u00e9ralement organis\u00e9s autour de sessions de pr\u00e9sentation, d&rsquo;ateliers et de discussions, anim\u00e9s par des experts de l&rsquo;industrie et des membres de la communaut\u00e9. Ces sessions peuvent \u00eatre ax\u00e9es sur la conception, le d\u00e9veloppement, le marketing, la s\u00e9curit\u00e9, la gestion de contenu ou tout autre aspect de WordPress.<\/p>\n\n\n\n<p>Les WordCamps sont \u00e9galement l&rsquo;occasion de rencontrer les leaders et les contributeurs de la communaut\u00e9 WordPress, ainsi que les repr\u00e9sentants de diverses entreprises et organisations li\u00e9es \u00e0 WordPress.<\/p>\n\n\n\n<p>Les WordCamps sont ouverts \u00e0 tous, quel que soit leur niveau d&rsquo;exp\u00e9rience en WordPress. Que vous soyez novice ou expert en la mati\u00e8re, vous trouverez toujours des sessions adapt\u00e9es \u00e0 votre niveau. C&rsquo;est une occasion id\u00e9ale pour apprendre de nouvelles comp\u00e9tences, d\u00e9couvrir de nouvelles technologies et des pratiques innovantes.<\/p>\n\n\n\n<p>En plus des sessions de pr\u00e9sentation, les WordCamps offrent \u00e9galement des occasions de r\u00e9seautage et d&rsquo;interactions informelles. Les participants ont la possibilit\u00e9 de discuter avec des experts de l&rsquo;industrie et d&rsquo;autres passionn\u00e9s de WordPress, de se connecter avec des partenaires potentiels et de rencontrer de nouveaux amis.<\/p>\n\n\n\n<p>Enfin, les WordCamps sont souvent associ\u00e9s \u00e0 des \u00e9v\u00e9nements sociaux, tels que des d\u00eeners et des soir\u00e9es, qui offrent aux participants la possibilit\u00e9 de se d\u00e9tendre, de socialiser et de s&rsquo;amuser apr\u00e8s une journ\u00e9e intense de pr\u00e9sentations et d&rsquo;ateliers.<\/p>\n\n\n\n<p>En r\u00e9sum\u00e9, un WordCamp est une occasion unique pour la communaut\u00e9 WordPress de se r\u00e9unir, d&rsquo;apprendre, de partager des connaissances, de r\u00e9seauter et de s&rsquo;amuser. Que vous soyez d\u00e9veloppeur, designer, entrepreneur ou simplement passionn\u00e9 de WordPress, un WordCamp est une exp\u00e9rience \u00e0 ne pas manquer.<\/p>\n<\/div>\n\n\n\n<div style=\"height:3rem\" aria-hidden=\"true\" class=\"wp-block-spacer\"><\/div>\n","protected":false},"excerpt":{"rendered":"<p>Un WordCamp est un \u00e9v\u00e9nement communautaire qui tourne autour de la plateforme de gestion de contenu WordPress. Ces \u00e9v\u00e9nements sont organis\u00e9s par des membres de la communaut\u00e9 WordPress pour la communaut\u00e9 WordPress et sont g\u00e9n\u00e9ralement d&rsquo;une dur\u00e9e de un ou deux jours. Les WordCamps ont commenc\u00e9 en 2006 \u00e0 San Francisco, en Californie, et depuis [&hellip;]<\/p>\n","protected":false},"author":388646,"featured_media":241,"parent":0,"menu_order":0,"comment_status":"closed","ping_status":"closed","template":"","meta":{"advanced_seo_description":"","jetpack_seo_html_title":"","jetpack_seo_noindex":false,"jetpack_post_was_ever_published":false,"footnotes":""},"class_list":["post-539","page","type-page","status-publish","has-post-thumbnail","hentry"],"jetpack_sharing_enabled":true,"_links":{"self":[{"href":"https:\/\/biarritz.wordcamp.org\/2023\/wp-json\/wp\/v2\/pages\/539","targetHints":{"allow":["GET"]}}],"collection":[{"href":"https:\/\/biarritz.wordcamp.org\/2023\/wp-json\/wp\/v2\/pages"}],"about":[{"href":"https:\/\/biarritz.wordcamp.org\/2023\/wp-json\/wp\/v2\/types\/page"}],"author":[{"embeddable":true,"href":"https:\/\/biarritz.wordcamp.org\/2023\/wp-json\/wp\/v2\/users\/388646"}],"replies":[{"embeddable":true,"href":"https:\/\/biarritz.wordcamp.org\/2023\/wp-json\/wp\/v2\/comments?post=539"}],"version-history":[{"count":3,"href":"https:\/\/biarritz.wordcamp.org\/2023\/wp-json\/wp\/v2\/pages\/539\/revisions"}],"predecessor-version":[{"id":1265,"href":"https:\/\/biarritz.wordcamp.org\/2023\/wp-json\/wp\/v2\/pages\/539\/revisions\/1265"}],"wp:featuredmedia":[{"embeddable":true,"href":"https:\/\/biarritz.wordcamp.org\/2023\/wp-json\/wp\/v2\/media\/241"}],"wp:attachment":[{"href":"https:\/\/biarritz.wordcamp.org\/2023\/wp-json\/wp\/v2\/media?parent=539"}],"curies":[{"name":"wp","href":"https:\/\/api.w.org\/{rel}","templated":true}]}}