{"id":536,"date":"2023-04-30T09:25:02","date_gmt":"2023-04-30T07:25:02","guid":{"rendered":"https:\/\/biarritz.wordcamp.org\/2023\/?page_id=536"},"modified":"2023-05-14T19:53:23","modified_gmt":"2023-05-14T17:53:23","slug":"ou-manger-a-biarritz","status":"publish","type":"page","link":"https:\/\/biarritz.wordcamp.org\/2023\/ou-manger-a-biarritz\/","title":{"rendered":"O\u00f9 manger \u00e0 Biarritz ?"},"content":{"rendered":"\n<div class=\"wp-block-group has-global-padding is-layout-constrained wp-container-core-group-is-layout-dd32767c wp-block-group-is-layout-constrained\">\n<p>Biarritz est une ville r\u00e9put\u00e9e pour sa gastronomie et sa cuisine locale, offrant de nombreuses options pour se restaurer. Que vous cherchiez un endroit pour prendre un petit-d\u00e9jeuner rapide, un d\u00e9jeuner d\u00e9contract\u00e9 ou un d\u00eener gastronomique, vous trouverez s\u00fbrement ce que vous cherchez \u00e0 Biarritz.<\/p>\n\n\n\n<p>Voici un guide d\u00e9taill\u00e9 des options de restauration \u00e0 Biarritz, class\u00e9es par niveau de prix :<\/p>\n\n\n\n<ul class=\"wp-block-list\">\n<li><strong>Restaurants haut de gamme<\/strong> : Biarritz abrite de nombreux restaurants gastronomiques pour ceux qui cherchent \u00e0 se faire plaisir. Des \u00e9tablissements comme l&rsquo;H\u00f4tel du Palais et L&rsquo;Impertinent offrent une exp\u00e9rience culinaire inoubliable, mais attention, cela a un co\u00fbt.<\/li>\n\n\n\n<li><strong>Restaurants de milieu de gamme<\/strong> : Si vous voulez d\u00e9guster des plats locaux et de qualit\u00e9 sans vous ruiner, Biarritz offre une vari\u00e9t\u00e9 de restaurants de milieu de gamme. Des endroits comme le Comptoir du Foie Gras et le Bistrot des Halles sont des options d\u00e9licieuses et abordables.<\/li>\n\n\n\n<li><strong>Restaurants bon march\u00e9<\/strong> : Si vous \u00eates \u00e0 la recherche d&rsquo;options abordables pour manger, Biarritz a \u00e9galement des options de restauration \u00e9conomiques. Des restaurants comme Chez Albert et Chez Coco proposent des plats simples et savoureux \u00e0 un prix raisonnable.<\/li>\n\n\n\n<li><strong>March\u00e9s<\/strong> : Enfin, pour ceux qui cherchent \u00e0 d\u00e9couvrir la gastronomie locale et \u00e0 faire des courses pour des pique-niques ou des repas \u00e0 emporter, le march\u00e9 des Halles de Biarritz est un incontournable. Vous y trouverez des stands de fruits et l\u00e9gumes frais, de fromages, de charcuterie, de fruits de mer et bien plus encore.<\/li>\n<\/ul>\n\n\n\n<p>En dehors de ces options, Biarritz offre \u00e9galement une vari\u00e9t\u00e9 de bars, caf\u00e9s et boulangeries pour une pause-caf\u00e9 ou une pause-gourmande. Quel que soit votre budget ou vos pr\u00e9f\u00e9rences culinaires, Biarritz a quelque chose \u00e0 offrir pour tous les go\u00fbts. Nous esp\u00e9rons que ce guide vous aidera \u00e0 trouver les meilleures options de restauration pendant votre s\u00e9jour \u00e0 Biarritz.<\/p>\n<\/div>\n\n\n\n<div style=\"height:3rem\" aria-hidden=\"true\" class=\"wp-block-spacer\"><\/div>\n","protected":false},"excerpt":{"rendered":"<p>Biarritz est une ville r\u00e9put\u00e9e pour sa gastronomie et sa cuisine locale, offrant de nombreuses options pour se restaurer. Que vous cherchiez un endroit pour prendre un petit-d\u00e9jeuner rapide, un d\u00e9jeuner d\u00e9contract\u00e9 ou un d\u00eener gastronomique, vous trouverez s\u00fbrement ce que vous cherchez \u00e0 Biarritz. Voici un guide d\u00e9taill\u00e9 des options de restauration \u00e0 Biarritz, [&hellip;]<\/p>\n","protected":false},"author":388646,"featured_media":125,"parent":0,"menu_order":0,"comment_status":"closed","ping_status":"closed","template":"","meta":{"advanced_seo_description":"","jetpack_seo_html_title":"","jetpack_seo_noindex":false,"jetpack_post_was_ever_published":false,"footnotes":""},"class_list":["post-536","page","type-page","status-publish","has-post-thumbnail","hentry"],"jetpack_sharing_enabled":true,"_links":{"self":[{"href":"https:\/\/biarritz.wordcamp.org\/2023\/wp-json\/wp\/v2\/pages\/536","targetHints":{"allow":["GET"]}}],"collection":[{"href":"https:\/\/biarritz.wordcamp.org\/2023\/wp-json\/wp\/v2\/pages"}],"about":[{"href":"https:\/\/biarritz.wordcamp.org\/2023\/wp-json\/wp\/v2\/types\/page"}],"author":[{"embeddable":true,"href":"https:\/\/biarritz.wordcamp.org\/2023\/wp-json\/wp\/v2\/users\/388646"}],"replies":[{"embeddable":true,"href":"https:\/\/biarritz.wordcamp.org\/2023\/wp-json\/wp\/v2\/comments?post=536"}],"version-history":[{"count":6,"href":"https:\/\/biarritz.wordcamp.org\/2023\/wp-json\/wp\/v2\/pages\/536\/revisions"}],"predecessor-version":[{"id":1413,"href":"https:\/\/biarritz.wordcamp.org\/2023\/wp-json\/wp\/v2\/pages\/536\/revisions\/1413"}],"wp:featuredmedia":[{"embeddable":true,"href":"https:\/\/biarritz.wordcamp.org\/2023\/wp-json\/wp\/v2\/media\/125"}],"wp:attachment":[{"href":"https:\/\/biarritz.wordcamp.org\/2023\/wp-json\/wp\/v2\/media?parent=536"}],"curies":[{"name":"wp","href":"https:\/\/api.w.org\/{rel}","templated":true}]}}