{"id":520,"date":"2023-04-30T09:13:44","date_gmt":"2023-04-30T07:13:44","guid":{"rendered":"https:\/\/biarritz.wordcamp.org\/2023\/?page_id=520"},"modified":"2023-09-07T21:29:46","modified_gmt":"2023-09-07T19:29:46","slug":"lieu","status":"publish","type":"page","link":"https:\/\/biarritz.wordcamp.org\/2023\/lieu\/","title":{"rendered":"Le Connecteur de Biarritz"},"content":{"rendered":"\n<div class=\"wp-block-group has-global-padding is-content-justification-center is-layout-constrained wp-container-core-group-is-layout-31dfd1c4 wp-block-group-is-layout-constrained\">\n<p>Pour f\u00eater dignement les 20 ans de WordPress, la premi\u00e8re \u00e9dition du WordCamp Biarritz vous accueille au Connecteur.<\/p>\n\n\n\n<h2 class=\"wp-block-heading\">\u00ab\u00a0The place to be\u00a0\u00bb<\/h2>\n\n\n\n<p>Situ\u00e9 en plein coeur de Biarritz, le Connecteur est un v\u00e9ritable lieu de vie et de travail. Il regroupe des entrepreneurs aux parcours diversifi\u00e9s au sein d&rsquo;une structure con\u00e7ue pour eux.<\/p>\n\n\n\n<p>L&rsquo;\u00e9v\u00e8nement du 6 octobre 2023 se r\u00e9partira sur :<\/p>\n\n\n\n<ul class=\"wp-block-list\">\n<li>L&rsquo;<strong>Atrium<\/strong> au centre du b\u00e2timent : les stands des sponsors et les pauses d\u00e9jeuner seront servies dans cet espace ouvert et convivial&nbsp;;<\/li>\n\n\n\n<li>L&rsquo;<strong>amphith\u00e9\u00e2tre<\/strong> de 311 places : la conf\u00e9rence pl\u00e9ni\u00e8re aura lieu dans cette salle&nbsp;;<\/li>\n\n\n\n<li>L&rsquo;<strong>auditorium<\/strong> de 90 places : la conf\u00e9rence secondaire y sera tenue&nbsp;;<\/li>\n<\/ul>\n\n\n\n<p>Toutes les salles sont \u00e9quip\u00e9es de mat\u00e9riel de derni\u00e8re g\u00e9n\u00e9ration pour vous permettre de profiter pleinement de votre journ\u00e9e.<\/p>\n\n\n\n<p>Lancez la vid\u00e9o pour une visite guid\u00e9e au drone des installations du lieu :<\/p>\n<\/div>\n\n\n\n<div class=\"wp-block-group alignwide has-global-padding is-layout-constrained wp-container-core-group-is-layout-fbc3937f wp-block-group-is-layout-constrained\">\n<div style=\"height:3rem\" aria-hidden=\"true\" class=\"wp-block-spacer\"><\/div>\n\n\n\n<figure class=\"wp-block-embed alignwide is-type-video is-provider-youtube wp-block-embed-youtube wp-embed-aspect-16-9 wp-has-aspect-ratio\"><div class=\"wp-block-embed__wrapper\">\n<span class=\"embed-youtube\" style=\"text-align:center; display: block;\"><iframe loading=\"lazy\" class=\"youtube-player\" width=\"640\" height=\"360\" src=\"https:\/\/www.youtube.com\/embed\/Fi5V0Mhd2Qc?version=3&#038;rel=1&#038;showsearch=0&#038;showinfo=1&#038;iv_load_policy=1&#038;fs=1&#038;hl=fr-FR&#038;autohide=2&#038;wmode=transparent\" allowfullscreen=\"true\" style=\"border:0;\" sandbox=\"allow-scripts allow-same-origin allow-popups allow-presentation allow-popups-to-escape-sandbox\"><\/iframe><\/span>\n<\/div><\/figure>\n\n\n\n<div style=\"height:3rem\" aria-hidden=\"true\" class=\"wp-block-spacer\"><\/div>\n<\/div>\n\n\n\n<div class=\"wp-block-group has-global-padding is-layout-constrained wp-container-core-group-is-layout-dd32767c wp-block-group-is-layout-constrained\">\n<h2 class=\"wp-block-heading\">Infos pratiques<\/h2>\n\n\n\n<h3 class=\"wp-block-heading\">Pour vous y rendre<\/h3>\n\n\n\n<p>Le Connecteur est un b\u00e2timent d\u2019exception de 8300 m<sup>2<\/sup> pour entreprendre depuis Biarritz, situ\u00e9 \u00e0 seulement 10 minutes du centre-ville. Un parking gratuit jouxte le complexe (environ 100 places). Pensez au co-voiturage pour le jour J au risque de ne pas trouver de places pour vous garer.<\/p>\n\n\n\n<p>L&rsquo;a\u00e9roport de Biarritz Pays Basque est situ\u00e9 \u00e0 seulement 2 km.<\/p>\n\n\n\n<p>La gare SNCF est \u00e0 moins de 2 km.<\/p>\n\n\n\n<p>En bus, optez pour la ligne 5.<\/p>\n\n\n\n<h3 class=\"wp-block-heading\">Adresses<\/h3>\n\n\n\n<ul class=\"wp-block-list\">\n<li>Le Connecteur \u2013 45 Avenue du Pr\u00e9sident J.F. Kennedy, 64200 Biarritz<\/li>\n\n\n\n<li>A\u00e9roport Biarritz-Anglet-Bayonne (BIQ) \u2013 7 esplanade de l&rsquo;Europe, 64600 Anglet<\/li>\n\n\n\n<li>Gare SNCF de Biarritz \u2013 All\u00e9e du Moura, 64200 Biarritz<\/li>\n<\/ul>\n<\/div>\n\n\n\n<div style=\"height:3rem\" aria-hidden=\"true\" class=\"wp-block-spacer\"><\/div>\n\n\n\n<div class=\"wp-block-group is-layout-flow wp-block-group-is-layout-flow\">\n<div data-map-provider=\"mapbox\" data-api-key=\"pk.eyJ1Ijoid3BjaGFubmVsIiwiYSI6ImNsaDIwZzhuazBseXEzZXFvaWdlOG40d2cifQ.wfDYLWuwNaknCXUU5V_vhw\" class=\"wp-block-jetpack-map alignfull is-style-terrain\" data-map-style=\"terrain\" data-map-details=\"true\" data-points=\"[{&quot;placeTitle&quot;:&quot;Avenue Du Pr\u00e9sident J.F. Kennedy&quot;,&quot;title&quot;:&quot;Le Connecteur&quot;,&quot;caption&quot;:&quot;45 Avenue du Pr\u00e9sident J.F. Kennedy 64200 Biarritz&quot;,&quot;id&quot;:&quot;address.4053812999904636&quot;,&quot;coordinates&quot;:{&quot;longitude&quot;:-1.555134,&quot;latitude&quot;:43.470106}},{&quot;placeTitle&quot;:&quot;A\u00e9roport Biarritz-Anglet-Bayonne (BIQ)&quot;,&quot;title&quot;:&quot;A\u00e9roport Biarritz-Anglet-Bayonne (BIQ)&quot;,&quot;caption&quot;:&quot;A\u00e9roport Biarritz-Anglet-Bayonne (BIQ), 7 esplanade de l'Europe, Anglet, Pyr\u00e9n\u00e9es-Atlantiques 64600, France&quot;,&quot;id&quot;:&quot;poi.712964589531&quot;,&quot;coordinates&quot;:{&quot;longitude&quot;:-1.531378,&quot;latitude&quot;:43.472131}},{&quot;placeTitle&quot;:&quot;Gare SNCF de Biarritz&quot;,&quot;title&quot;:&quot;Gare SNCF de Biarritz&quot;,&quot;caption&quot;:&quot;Gare SNCF de Biarritz, All\u00e9e du Moura, Biarritz, Pyr\u00e9n\u00e9es-Atlantiques 64200, France&quot;,&quot;id&quot;:&quot;poi.558345751826&quot;,&quot;coordinates&quot;:{&quot;longitude&quot;:-1.545926,&quot;latitude&quot;:43.459365}}]\" data-zoom=\"14.227908950473113\" data-map-center=\"{&quot;lng&quot;:-1.543256,&quot;lat&quot;:43.465748}\" data-marker-color=\"#5c6fc7\" data-map-height=\"640\" data-show-fullscreen-button=\"true\"><ul><li><a href=\"https:\/\/www.google.com\/maps\/search\/?api=1&amp;query=43.470106,-1.555134\">Le Connecteur<\/a><\/li><li><a href=\"https:\/\/www.google.com\/maps\/search\/?api=1&amp;query=43.472131,-1.531378\">A\u00e9roport Biarritz-Anglet-Bayonne (BIQ)<\/a><\/li><li><a href=\"https:\/\/www.google.com\/maps\/search\/?api=1&amp;query=43.459365,-1.545926\">Gare SNCF de Biarritz<\/a><\/li><\/ul><\/div>\n<\/div>\n","protected":false},"excerpt":{"rendered":"<p>Pour f\u00eater dignement les 20 ans de WordPress, la premi\u00e8re \u00e9dition du WordCamp Biarritz vous accueille au Connecteur. \u00ab\u00a0The place to be\u00a0\u00bb Situ\u00e9 en plein coeur de Biarritz, le Connecteur est un v\u00e9ritable lieu de vie et de travail. Il regroupe des entrepreneurs aux parcours diversifi\u00e9s au sein d&rsquo;une structure con\u00e7ue pour eux. L&rsquo;\u00e9v\u00e8nement du [&hellip;]<\/p>\n","protected":false},"author":388646,"featured_media":157,"parent":0,"menu_order":0,"comment_status":"closed","ping_status":"closed","template":"","meta":{"advanced_seo_description":"","jetpack_seo_html_title":"","jetpack_seo_noindex":false,"jetpack_post_was_ever_published":false,"footnotes":""},"class_list":["post-520","page","type-page","status-publish","has-post-thumbnail","hentry"],"jetpack_sharing_enabled":true,"_links":{"self":[{"href":"https:\/\/biarritz.wordcamp.org\/2023\/wp-json\/wp\/v2\/pages\/520","targetHints":{"allow":["GET"]}}],"collection":[{"href":"https:\/\/biarritz.wordcamp.org\/2023\/wp-json\/wp\/v2\/pages"}],"about":[{"href":"https:\/\/biarritz.wordcamp.org\/2023\/wp-json\/wp\/v2\/types\/page"}],"author":[{"embeddable":true,"href":"https:\/\/biarritz.wordcamp.org\/2023\/wp-json\/wp\/v2\/users\/388646"}],"replies":[{"embeddable":true,"href":"https:\/\/biarritz.wordcamp.org\/2023\/wp-json\/wp\/v2\/comments?post=520"}],"version-history":[{"count":45,"href":"https:\/\/biarritz.wordcamp.org\/2023\/wp-json\/wp\/v2\/pages\/520\/revisions"}],"predecessor-version":[{"id":2928,"href":"https:\/\/biarritz.wordcamp.org\/2023\/wp-json\/wp\/v2\/pages\/520\/revisions\/2928"}],"wp:featuredmedia":[{"embeddable":true,"href":"https:\/\/biarritz.wordcamp.org\/2023\/wp-json\/wp\/v2\/media\/157"}],"wp:attachment":[{"href":"https:\/\/biarritz.wordcamp.org\/2023\/wp-json\/wp\/v2\/media?parent=520"}],"curies":[{"name":"wp","href":"https:\/\/api.w.org\/{rel}","templated":true}]}}