{"id":483,"date":"2023-04-30T08:00:46","date_gmt":"2023-04-30T06:00:46","guid":{"rendered":"https:\/\/biarritz.wordcamp.org\/2023\/?page_id=483"},"modified":"2023-06-20T16:52:27","modified_gmt":"2023-06-20T14:52:27","slug":"mentions-legales","status":"publish","type":"page","link":"https:\/\/biarritz.wordcamp.org\/2023\/mentions-legales\/","title":{"rendered":"Mentions l\u00e9gales"},"content":{"rendered":"\n<div class=\"wp-block-group is-layout-flow wp-block-group-is-layout-flow\">\n<div class=\"wp-block-group is-content-justification-center is-nowrap is-layout-flex wp-container-core-group-is-layout-f8feb321 wp-block-group-is-layout-flex\">\n<nav aria-label=\"Table des mati\u00e8res\" class=\"wp-block-table-of-contents has-link-color wp-elements-53b7c94d1c48ea65a523cd3135f37488 wp-container-content-577e1c61\"><ol><li><a class=\"wp-block-table-of-contents__entry\" href=\"https:\/\/biarritz.wordcamp.org\/2023\/mentions-legales\/#conditions-generales-de-vente-et-de-participation\">Conditions g\u00e9n\u00e9rales,\u00a0de vente et de participation<\/a><ol><li><a class=\"wp-block-table-of-contents__entry\" href=\"https:\/\/biarritz.wordcamp.org\/2023\/mentions-legales\/#conditions-generales\">Conditions g\u00e9n\u00e9rales<\/a><\/li><li><a class=\"wp-block-table-of-contents__entry\" href=\"https:\/\/biarritz.wordcamp.org\/2023\/mentions-legales\/#propriete-des-contenus\">Propri\u00e9t\u00e9 des contenus<\/a><\/li><li><a class=\"wp-block-table-of-contents__entry\" href=\"https:\/\/biarritz.wordcamp.org\/2023\/mentions-legales\/#conditions-generales-de-vente\">Conditions G\u00e9n\u00e9rales de Vente<\/a><\/li><li><a class=\"wp-block-table-of-contents__entry\" href=\"https:\/\/biarritz.wordcamp.org\/2023\/mentions-legales\/#conditions-generales-de-participation\">CONDITIONS G\u00c9N\u00c9RALES DE PARTICIPATION<\/a><\/li><\/ol><\/li><li><a class=\"wp-block-table-of-contents__entry\" href=\"https:\/\/biarritz.wordcamp.org\/2023\/mentions-legales\/#droit-a-l-image\">Droit \u00e0 l\u2019image<\/a><\/li><li><a class=\"wp-block-table-of-contents__entry\" href=\"https:\/\/biarritz.wordcamp.org\/2023\/mentions-legales\/#credits-photos\">Cr\u00e9dits photos<\/a><\/li><\/ol><\/nav>\n\n\n\n<div class=\"wp-block-group has-global-padding is-layout-constrained wp-container-core-group-is-layout-dd32767c wp-block-group-is-layout-constrained\">\n<h2 class=\"wp-block-heading\" id=\"conditions-generales-de-vente-et-de-participation\">Conditions g\u00e9n\u00e9rales,&nbsp;de vente et de participation<\/h2>\n\n\n\n<ul class=\"wp-block-list\">\n<li><strong>Les contenus et les \u00e9v\u00e8nements<\/strong>&nbsp;produits par l\u2019\u00e9quipe organisatrice du WordCamp Biarritz,&nbsp;notamment la vente des places et la participation \u00e0 la conf\u00e9rence et aux ateliers, sont soumis aux&nbsp;conditions g\u00e9n\u00e9rales ;<\/li>\n\n\n\n<li><strong>L\u2019achat<\/strong>&nbsp;de billet d\u2019entr\u00e9e implique l\u2019acceptation des&nbsp;conditions g\u00e9n\u00e9rales de vente ;<\/li>\n\n\n\n<li><strong>La participation \u00e0 une conf\u00e9rence ou \u00e0 un atelier, en tant qu\u2019orateur ou auditeur<\/strong>, et ce m\u00eame \u00e0 titre gratuit, implique l\u2019acceptation des&nbsp;conditions g\u00e9n\u00e9rales de participation.<\/li>\n<\/ul>\n\n\n\n<h3 class=\"wp-block-heading\" id=\"conditions-generales\">Conditions g\u00e9n\u00e9rales<\/h3>\n\n\n\n<p>Les informations publi\u00e9es sur ce site web peuvent faire l\u2019objet d\u2019un changement ult\u00e9rieur en fonction des impr\u00e9vus, heureusement fort rares. En particulier, la liste des sujets et des conf\u00e9renciers annonc\u00e9s, ainsi que les horaires, peuvent faire l\u2019objet d\u2019ajustements de derni\u00e8re minute, mais qui ne changeront pas l\u2019essence de la conf\u00e9rence ou de l\u2019atelier annonc\u00e9. Au cas o\u00f9 l\u2019\u00e9quipe organisatrice&nbsp;serait forc\u00e9e de modifier la date ou le lieu d\u2019un \u00e9v\u00e8nement WordCamp, l\u2019information sera donn\u00e9e en temps utile aux participants, par publication sur le site&nbsp;<a href=\"https:\/\/biarritz.wordcamp.org\/2023\">https:\/\/biarritz.wordcamp.org\/2023<\/a>.<\/p>\n\n\n\n<h3 class=\"wp-block-heading\" id=\"propriete-des-contenus\">Propri\u00e9t\u00e9 des contenus<\/h3>\n\n\n\n<p>La conf\u00e9rence et les ateliers sont des \u00e9v\u00e8nements publics dont les contenus sont enregistr\u00e9s et destin\u00e9s \u00e0 \u00eatre diffus\u00e9s publiquement sous diverses formes. En participant au WordCamp Biarritz, vous autorisez l\u2019\u00e9quipe organisatrice \u00e0 enregistrer et diffuser, sur tout support, tout contenu ou propos que vous aurez d\u00e9livr\u00e9 publiquement pendant un \u00e9v\u00e8nement WordCamp Biarritz, aussi bien en tant qu\u2019orateur qu\u2019auditeur.<\/p>\n\n\n\n<p>Tous les contenus produits par la conf\u00e9rence WordCamp&nbsp;Biarritz restent la propri\u00e9t\u00e9 de leurs auteurs. Cependant, la plupart des orateurs consentent \u00e0 ce qu\u2019ils soient diffus\u00e9s en&nbsp;<a rel=\"noreferrer noopener\" href=\"http:\/\/creativecommons.org\/licenses\/by-nc-sa\/2.0\/fr\/\" target=\"_blank\">licence&nbsp;Creative Commons&nbsp;Attribution \u2013 Non commercial \u2013 Partage \u00e0 l\u2019identique<\/a>. Une telle licence sera dans ce cas indiqu\u00e9e tr\u00e8s clairement au public et sur les pages internet o\u00f9 figureront les enregistrements de ces interventions.<\/p>\n\n\n\n<h3 class=\"wp-block-heading\" id=\"conditions-generales-de-vente\">Conditions G\u00e9n\u00e9rales de Vente<\/h3>\n\n\n\n<p>Les tarifs sont indiqu\u00e9s&nbsp;TTC&nbsp;et comprennent l\u2019entr\u00e9e \u00e0 la journ\u00e9e de l\u2019\u00e9v\u00e8nement.<\/p>\n\n\n\n<p><strong>Les inscriptions sont fermes et d\u00e9finitives<\/strong>. Hors conditions exceptionnelles pr\u00e9cis\u00e9es sur notre site web, aucun remboursement ni avoir ne pourra \u00eatre effectu\u00e9. En particulier,&nbsp;<strong>la non-pr\u00e9sentation d\u2019une personne inscrite ne constitue en aucune fa\u00e7on une cause de remboursement ou d\u2019annulation<\/strong>, d\u00e8s lors que la conf\u00e9rence a bien eu lieu.<\/p>\n\n\n\n<p>Si les sujets abord\u00e9s et les conf\u00e9renciers intervenants ne sont publi\u00e9s qu\u2019une fois que ces derniers se sont engag\u00e9s \u00e0 venir, l\u2019\u00e9quipe organisatrice ne pourra \u00eatre tenue pour responsable d\u2019une d\u00e9fection de derni\u00e8re minute ; n\u00e9anmoins, elle s\u2019engage \u00e0 mettre en \u0153uvre tous les moyens pour remplacer les intervenants d\u00e9faillants par d\u2019autres aux comp\u00e9tences reconnues afin de maintenir un niveau de qualit\u00e9 \u00e9quivalent \u00e0 la conf\u00e9rence annonc\u00e9e.<\/p>\n\n\n\n<p>Le paiement peut s\u2019effectuer en ligne par carte bancaire ou par compte PayPal, auquel cas les places sont imm\u00e9diatement r\u00e9serv\u00e9es. En cas de besoin d\u2019une facture, celle-ci sera \u00e9mise et envoy\u00e9e \u00e0 la demande, peu apr\u00e8s l\u2019\u00e9v\u00e8nement.<\/p>\n\n\n\n<p>Les inscrits dont les places n\u2019ont pas \u00e9t\u00e9 r\u00e9gl\u00e9es en temps et en heure se verront appliquer \u00e0 compter de cette date le taux d\u2019int\u00e9r\u00eat de retard pr\u00e9vu par l\u2019<a href=\"http:\/\/www.legifrance.gouv.fr\/affichCodeArticle.do?cidTexte=LEGITEXT000005634379&amp;idArticle=LEGIARTI000019294314\" target=\"_blank\" rel=\"noreferrer noopener\">article L.441-6 du Code de commerce<\/a>, sans qu\u2019un rappel soit n\u00e9cessaire. En cas de contentieux sur le paiement, il est express\u00e9ment donn\u00e9 comp\u00e9tence aux juridictions fran\u00e7aises.<\/p>\n\n\n\n<h3 class=\"wp-block-heading\" id=\"conditions-generales-de-participation\">CONDITIONS G\u00c9N\u00c9RALES DE PARTICIPATION<\/h3>\n\n\n\n<p>Sont admises \u00e0 assister \u00e0 la conf\u00e9rence ou aux ateliers les personnes suivantes :<\/p>\n\n\n\n<ul class=\"wp-block-list\">\n<li>Celles dont le droit d\u2019entr\u00e9e a \u00e9t\u00e9 d\u00fbment per\u00e7u par l\u2019\u00e9quipe organisatrice&nbsp;et qui ont re\u00e7u confirmation de leur inscription,<\/li>\n\n\n\n<li>Celles qui sont invit\u00e9es par l\u2019\u00e9quipe organisatrice (orateurs, prestataires, etc.),<\/li>\n\n\n\n<li>Celles dont le droit d\u2019entr\u00e9e a fait l\u2019objet d\u2019un bon de commande conforme aux conditions g\u00e9n\u00e9rales de vente, bon de commande valid\u00e9 par l\u2019\u00e9quipe organisatrice, et qui ont re\u00e7u confirmation de leur inscription.<\/li>\n<\/ul>\n\n\n\n<p>Par ailleurs, il est demand\u00e9 que les auditeurs, les orateurs et les sponsors, tout comme les organisateurs, respectent le\u00a0<a href=\"https:\/\/biarritz.wordcamp.org\/2023\/code-conduite\/\">Code de Conduite<\/a>.<\/p>\n\n\n\n<p>Les conf\u00e9rences sont h\u00e9berg\u00e9es dans des locaux priv\u00e9s, les participants devront en respecter le r\u00e8glement int\u00e9rieur.<\/p>\n\n\n\n<p>L\u2019\u00e9quipe organisatrice se r\u00e9serve le droit d\u2019exclure des conf\u00e9rences une personne dont le comportement est jug\u00e9 inacceptable, \u00e0 la discr\u00e9tion de l\u2019\u00e9quipe et sans que cette exclusion ouvre droit au moindre remboursement.<\/p>\n\n\n\n<h2 class=\"wp-block-heading\" id=\"droit-a-l-image\">Droit \u00e0 l\u2019image<\/h2>\n\n\n\n<p>En participant comme auditeur, il est possible que vous soyez pris en photo ou film\u00e9 au milieu de l\u2019assistance. Le droit fran\u00e7ais pr\u00e9voit qu\u2019au-del\u00e0 d\u2019un certain nombre de personnes sur une photo, votre droit \u00e0 l\u2019image n\u2019est pas invocable en justice puisque vous \u00eates consid\u00e9r\u00e9 comme faisant partie d\u2019une foule. <\/p>\n\n\n\n<p>En cons\u00e9quence, vous acceptez d\u2019\u00eatre visible sur des photos ou vid\u00e9os de la manifestation qui peuvent \u00eatre publi\u00e9es par l\u2019\u00e9quipe organisatrice ou la WordPress Foundation&nbsp;sur des supports vari\u00e9s (site internet, site WordPress.tv, plaquettes ult\u00e9rieures du WordCamp, publications journalistiques, liste non exhaustive).<\/p>\n\n\n\n<p>En participant comme orateur au WordCamp Biarritz, vous acceptez d\u2019\u00eatre photographi\u00e9 et film\u00e9, et vous acceptez que votre prestation d\u2019orateur, documents et supports de pr\u00e9sentation compris, soient ensuite rediffus\u00e9s par l\u2019\u00e9quipe organisatrice et la WordPress Foundation&nbsp;sous format \u00e9lectronique sur des supports vari\u00e9s (site web, plateforme de diffusion de vid\u00e9os, sans que cette liste soit exhaustive). Sauf accord explicite et pr\u00e9alable, vous consentez \u00e0 ce que vos contenus soient diffus\u00e9s en&nbsp;<a rel=\"noreferrer noopener\" href=\"http:\/\/creativecommons.org\/licenses\/by-nc-sa\/2.0\/fr\/\" target=\"_blank\">licence&nbsp;Creative Commons&nbsp;Attribution \u2013 Non commercial \u2013 Partage \u00e0 l\u2019identique<\/a>.<\/p>\n\n\n\n<h2 class=\"wp-block-heading\" id=\"credits-photos\">Cr\u00e9dits photos<\/h2>\n\n\n\n<p>Le Connecteur, dossier de presse<\/p>\n\n\n\n<p>WordCamps pr\u00e9c\u00e9dents, creative commons<\/p>\n<\/div>\n<\/div>\n<\/div>\n\n\n\n<div style=\"height:3rem\" aria-hidden=\"true\" class=\"wp-block-spacer\"><\/div>\n","protected":false},"excerpt":{"rendered":"<p>Conditions g\u00e9n\u00e9rales,&nbsp;de vente et de participation Conditions g\u00e9n\u00e9rales Les informations publi\u00e9es sur ce site web peuvent faire l\u2019objet d\u2019un changement ult\u00e9rieur en fonction des impr\u00e9vus, heureusement fort rares. En particulier, la liste des sujets et des conf\u00e9renciers annonc\u00e9s, ainsi que les horaires, peuvent faire l\u2019objet d\u2019ajustements de derni\u00e8re minute, mais qui ne changeront pas l\u2019essence [&hellip;]<\/p>\n","protected":false},"author":388646,"featured_media":148,"parent":0,"menu_order":0,"comment_status":"closed","ping_status":"closed","template":"page-avec-sommaire","meta":{"advanced_seo_description":"","jetpack_seo_html_title":"","jetpack_seo_noindex":false,"jetpack_post_was_ever_published":false,"footnotes":""},"class_list":["post-483","page","type-page","status-publish","has-post-thumbnail","hentry"],"jetpack_sharing_enabled":true,"_links":{"self":[{"href":"https:\/\/biarritz.wordcamp.org\/2023\/wp-json\/wp\/v2\/pages\/483","targetHints":{"allow":["GET"]}}],"collection":[{"href":"https:\/\/biarritz.wordcamp.org\/2023\/wp-json\/wp\/v2\/pages"}],"about":[{"href":"https:\/\/biarritz.wordcamp.org\/2023\/wp-json\/wp\/v2\/types\/page"}],"author":[{"embeddable":true,"href":"https:\/\/biarritz.wordcamp.org\/2023\/wp-json\/wp\/v2\/users\/388646"}],"replies":[{"embeddable":true,"href":"https:\/\/biarritz.wordcamp.org\/2023\/wp-json\/wp\/v2\/comments?post=483"}],"version-history":[{"count":8,"href":"https:\/\/biarritz.wordcamp.org\/2023\/wp-json\/wp\/v2\/pages\/483\/revisions"}],"predecessor-version":[{"id":1996,"href":"https:\/\/biarritz.wordcamp.org\/2023\/wp-json\/wp\/v2\/pages\/483\/revisions\/1996"}],"wp:featuredmedia":[{"embeddable":true,"href":"https:\/\/biarritz.wordcamp.org\/2023\/wp-json\/wp\/v2\/media\/148"}],"wp:attachment":[{"href":"https:\/\/biarritz.wordcamp.org\/2023\/wp-json\/wp\/v2\/media?parent=483"}],"curies":[{"name":"wp","href":"https:\/\/api.w.org\/{rel}","templated":true}]}}