{"id":2640,"date":"2023-08-04T11:41:22","date_gmt":"2023-08-04T09:41:22","guid":{"rendered":"https:\/\/biarritz.wordcamp.org\/2023\/?page_id=2640"},"modified":"2023-09-13T18:31:34","modified_gmt":"2023-09-13T16:31:34","slug":"presse-medias","status":"publish","type":"page","link":"https:\/\/biarritz.wordcamp.org\/2023\/presse-medias\/","title":{"rendered":"Presse et m\u00e9dias"},"content":{"rendered":"\n<div class=\"wp-block-group has-global-padding is-layout-constrained wp-block-group-is-layout-constrained\">\n<h2 class=\"wp-block-heading\">Communiqu\u00e9 de presse<\/h2>\n\n\n\n<p>Toutes les informations relatives \u00e0 notre \u00e9v\u00e8nement dans ce document \u00e0 destination des journalistes, des blogueurs et autres influenceurs.<\/p>\n\n\n\n<div class=\"wp-block-buttons is-layout-flex wp-block-buttons-is-layout-flex\" style=\"margin-top:var(--wp--preset--spacing--30);margin-bottom:clamp(2.5rem, 8vw, 4.5rem)\">\n<div class=\"wp-block-button\"><a class=\"wp-block-button__link wp-element-button\" href=\"https:\/\/biarritz.wordcamp.org\/2023\/files\/2023\/08\/wc-biarritz-communique-presse.pdf\">T\u00e9l\u00e9charger le communiqu\u00e9 de presse (PDF)<\/a><\/div>\n<\/div>\n\n\n\n<h2 class=\"wp-block-heading\">Badges<\/h2>\n\n\n\n<figure class=\"wp-block-gallery has-nested-images columns-3 gallery-gap wp-block-gallery-1 is-layout-flex wp-block-gallery-is-layout-flex\">\n<figure class=\"wp-block-image size-large\"><a href=\"https:\/\/i0.wp.com\/biarritz.wordcamp.org\/2023\/files\/2023\/08\/badge-wcbtz-benevole-2.png?ssl=1\"><img data-recalc-dims=\"1\" loading=\"lazy\" decoding=\"async\" width=\"1024\" height=\"1024\" data-id=\"2641\" src=\"https:\/\/i0.wp.com\/biarritz.wordcamp.org\/2023\/files\/2023\/08\/badge-wcbtz-benevole-2.png?resize=1024%2C1024&#038;ssl=1\" alt=\"\" class=\"wp-image-2641\" style=\"aspect-ratio:1;object-fit:cover\" srcset=\"https:\/\/i0.wp.com\/biarritz.wordcamp.org\/2023\/files\/2023\/08\/badge-wcbtz-benevole-2.png?w=1024&amp;ssl=1 1024w, https:\/\/i0.wp.com\/biarritz.wordcamp.org\/2023\/files\/2023\/08\/badge-wcbtz-benevole-2.png?resize=300%2C300&amp;ssl=1 300w, https:\/\/i0.wp.com\/biarritz.wordcamp.org\/2023\/files\/2023\/08\/badge-wcbtz-benevole-2.png?resize=150%2C150&amp;ssl=1 150w, https:\/\/i0.wp.com\/biarritz.wordcamp.org\/2023\/files\/2023\/08\/badge-wcbtz-benevole-2.png?resize=768%2C768&amp;ssl=1 768w\" sizes=\"auto, (max-width: 1000px) 100vw, 1000px\" \/><\/a><\/figure>\n\n\n\n<figure class=\"wp-block-image size-large\"><a href=\"https:\/\/i0.wp.com\/biarritz.wordcamp.org\/2023\/files\/2023\/08\/badge-wcbtz-benevole.png?ssl=1\"><img data-recalc-dims=\"1\" loading=\"lazy\" decoding=\"async\" width=\"1024\" height=\"1024\" data-id=\"2643\" src=\"https:\/\/i0.wp.com\/biarritz.wordcamp.org\/2023\/files\/2023\/08\/badge-wcbtz-benevole.png?resize=1024%2C1024&#038;ssl=1\" alt=\"\" class=\"wp-image-2643\" srcset=\"https:\/\/i0.wp.com\/biarritz.wordcamp.org\/2023\/files\/2023\/08\/badge-wcbtz-benevole.png?w=1024&amp;ssl=1 1024w, https:\/\/i0.wp.com\/biarritz.wordcamp.org\/2023\/files\/2023\/08\/badge-wcbtz-benevole.png?resize=300%2C300&amp;ssl=1 300w, https:\/\/i0.wp.com\/biarritz.wordcamp.org\/2023\/files\/2023\/08\/badge-wcbtz-benevole.png?resize=150%2C150&amp;ssl=1 150w, https:\/\/i0.wp.com\/biarritz.wordcamp.org\/2023\/files\/2023\/08\/badge-wcbtz-benevole.png?resize=768%2C768&amp;ssl=1 768w\" sizes=\"auto, (max-width: 1000px) 100vw, 1000px\" \/><\/a><\/figure>\n\n\n\n<figure class=\"wp-block-image size-large\"><a href=\"https:\/\/i0.wp.com\/biarritz.wordcamp.org\/2023\/files\/2023\/08\/badge-wcbtz-orateur-2.png?ssl=1\"><img data-recalc-dims=\"1\" loading=\"lazy\" decoding=\"async\" width=\"1024\" height=\"1024\" data-id=\"2642\" src=\"https:\/\/i0.wp.com\/biarritz.wordcamp.org\/2023\/files\/2023\/08\/badge-wcbtz-orateur-2.png?resize=1024%2C1024&#038;ssl=1\" alt=\"\" class=\"wp-image-2642\" srcset=\"https:\/\/i0.wp.com\/biarritz.wordcamp.org\/2023\/files\/2023\/08\/badge-wcbtz-orateur-2.png?w=1024&amp;ssl=1 1024w, https:\/\/i0.wp.com\/biarritz.wordcamp.org\/2023\/files\/2023\/08\/badge-wcbtz-orateur-2.png?resize=300%2C300&amp;ssl=1 300w, https:\/\/i0.wp.com\/biarritz.wordcamp.org\/2023\/files\/2023\/08\/badge-wcbtz-orateur-2.png?resize=150%2C150&amp;ssl=1 150w, https:\/\/i0.wp.com\/biarritz.wordcamp.org\/2023\/files\/2023\/08\/badge-wcbtz-orateur-2.png?resize=768%2C768&amp;ssl=1 768w\" sizes=\"auto, (max-width: 1000px) 100vw, 1000px\" \/><\/a><\/figure>\n\n\n\n<figure class=\"wp-block-image size-large\"><a href=\"https:\/\/i0.wp.com\/biarritz.wordcamp.org\/2023\/files\/2023\/08\/badge-wcbtz-orateur.png?ssl=1\"><img data-recalc-dims=\"1\" loading=\"lazy\" decoding=\"async\" width=\"1024\" height=\"1024\" data-id=\"2646\" src=\"https:\/\/i0.wp.com\/biarritz.wordcamp.org\/2023\/files\/2023\/08\/badge-wcbtz-orateur.png?resize=1024%2C1024&#038;ssl=1\" alt=\"\" class=\"wp-image-2646\" srcset=\"https:\/\/i0.wp.com\/biarritz.wordcamp.org\/2023\/files\/2023\/08\/badge-wcbtz-orateur.png?w=1024&amp;ssl=1 1024w, https:\/\/i0.wp.com\/biarritz.wordcamp.org\/2023\/files\/2023\/08\/badge-wcbtz-orateur.png?resize=300%2C300&amp;ssl=1 300w, https:\/\/i0.wp.com\/biarritz.wordcamp.org\/2023\/files\/2023\/08\/badge-wcbtz-orateur.png?resize=150%2C150&amp;ssl=1 150w, https:\/\/i0.wp.com\/biarritz.wordcamp.org\/2023\/files\/2023\/08\/badge-wcbtz-orateur.png?resize=768%2C768&amp;ssl=1 768w\" sizes=\"auto, (max-width: 1000px) 100vw, 1000px\" \/><\/a><\/figure>\n\n\n\n<figure class=\"wp-block-image size-large\"><a href=\"https:\/\/i0.wp.com\/biarritz.wordcamp.org\/2023\/files\/2023\/08\/badge-wcbtz-oratrice-2.png?ssl=1\"><img data-recalc-dims=\"1\" loading=\"lazy\" decoding=\"async\" width=\"1024\" height=\"1024\" data-id=\"2645\" src=\"https:\/\/i0.wp.com\/biarritz.wordcamp.org\/2023\/files\/2023\/08\/badge-wcbtz-oratrice-2.png?resize=1024%2C1024&#038;ssl=1\" alt=\"\" class=\"wp-image-2645\" srcset=\"https:\/\/i0.wp.com\/biarritz.wordcamp.org\/2023\/files\/2023\/08\/badge-wcbtz-oratrice-2.png?w=1024&amp;ssl=1 1024w, https:\/\/i0.wp.com\/biarritz.wordcamp.org\/2023\/files\/2023\/08\/badge-wcbtz-oratrice-2.png?resize=300%2C300&amp;ssl=1 300w, https:\/\/i0.wp.com\/biarritz.wordcamp.org\/2023\/files\/2023\/08\/badge-wcbtz-oratrice-2.png?resize=150%2C150&amp;ssl=1 150w, https:\/\/i0.wp.com\/biarritz.wordcamp.org\/2023\/files\/2023\/08\/badge-wcbtz-oratrice-2.png?resize=768%2C768&amp;ssl=1 768w\" sizes=\"auto, (max-width: 1000px) 100vw, 1000px\" \/><\/a><\/figure>\n\n\n\n<figure class=\"wp-block-image size-large\"><a href=\"https:\/\/i0.wp.com\/biarritz.wordcamp.org\/2023\/files\/2023\/08\/badge-wcbtz-oratrice.png?ssl=1\"><img data-recalc-dims=\"1\" loading=\"lazy\" decoding=\"async\" width=\"1024\" height=\"1024\" data-id=\"2648\" src=\"https:\/\/i0.wp.com\/biarritz.wordcamp.org\/2023\/files\/2023\/08\/badge-wcbtz-oratrice.png?resize=1024%2C1024&#038;ssl=1\" alt=\"\" class=\"wp-image-2648\" srcset=\"https:\/\/i0.wp.com\/biarritz.wordcamp.org\/2023\/files\/2023\/08\/badge-wcbtz-oratrice.png?w=1024&amp;ssl=1 1024w, https:\/\/i0.wp.com\/biarritz.wordcamp.org\/2023\/files\/2023\/08\/badge-wcbtz-oratrice.png?resize=300%2C300&amp;ssl=1 300w, https:\/\/i0.wp.com\/biarritz.wordcamp.org\/2023\/files\/2023\/08\/badge-wcbtz-oratrice.png?resize=150%2C150&amp;ssl=1 150w, https:\/\/i0.wp.com\/biarritz.wordcamp.org\/2023\/files\/2023\/08\/badge-wcbtz-oratrice.png?resize=768%2C768&amp;ssl=1 768w\" sizes=\"auto, (max-width: 1000px) 100vw, 1000px\" \/><\/a><\/figure>\n\n\n\n<figure class=\"wp-block-image size-large\"><a href=\"https:\/\/i0.wp.com\/biarritz.wordcamp.org\/2023\/files\/2023\/08\/badge-wcbtz-organisateur-2.png?ssl=1\"><img data-recalc-dims=\"1\" loading=\"lazy\" decoding=\"async\" width=\"1024\" height=\"1024\" data-id=\"2644\" src=\"https:\/\/i0.wp.com\/biarritz.wordcamp.org\/2023\/files\/2023\/08\/badge-wcbtz-organisateur-2.png?resize=1024%2C1024&#038;ssl=1\" alt=\"\" class=\"wp-image-2644\" srcset=\"https:\/\/i0.wp.com\/biarritz.wordcamp.org\/2023\/files\/2023\/08\/badge-wcbtz-organisateur-2.png?w=1024&amp;ssl=1 1024w, https:\/\/i0.wp.com\/biarritz.wordcamp.org\/2023\/files\/2023\/08\/badge-wcbtz-organisateur-2.png?resize=300%2C300&amp;ssl=1 300w, https:\/\/i0.wp.com\/biarritz.wordcamp.org\/2023\/files\/2023\/08\/badge-wcbtz-organisateur-2.png?resize=150%2C150&amp;ssl=1 150w, https:\/\/i0.wp.com\/biarritz.wordcamp.org\/2023\/files\/2023\/08\/badge-wcbtz-organisateur-2.png?resize=768%2C768&amp;ssl=1 768w\" sizes=\"auto, (max-width: 1000px) 100vw, 1000px\" \/><\/a><\/figure>\n\n\n\n<figure class=\"wp-block-image size-large\"><a href=\"https:\/\/i0.wp.com\/biarritz.wordcamp.org\/2023\/files\/2023\/08\/badge-wcbtz-organisateur.png?ssl=1\"><img data-recalc-dims=\"1\" loading=\"lazy\" decoding=\"async\" width=\"1024\" height=\"1024\" data-id=\"2650\" src=\"https:\/\/i0.wp.com\/biarritz.wordcamp.org\/2023\/files\/2023\/08\/badge-wcbtz-organisateur.png?resize=1024%2C1024&#038;ssl=1\" alt=\"\" class=\"wp-image-2650\" srcset=\"https:\/\/i0.wp.com\/biarritz.wordcamp.org\/2023\/files\/2023\/08\/badge-wcbtz-organisateur.png?w=1024&amp;ssl=1 1024w, https:\/\/i0.wp.com\/biarritz.wordcamp.org\/2023\/files\/2023\/08\/badge-wcbtz-organisateur.png?resize=300%2C300&amp;ssl=1 300w, https:\/\/i0.wp.com\/biarritz.wordcamp.org\/2023\/files\/2023\/08\/badge-wcbtz-organisateur.png?resize=150%2C150&amp;ssl=1 150w, https:\/\/i0.wp.com\/biarritz.wordcamp.org\/2023\/files\/2023\/08\/badge-wcbtz-organisateur.png?resize=768%2C768&amp;ssl=1 768w\" sizes=\"auto, (max-width: 1000px) 100vw, 1000px\" \/><\/a><\/figure>\n\n\n\n<figure class=\"wp-block-image size-large\"><a href=\"https:\/\/i0.wp.com\/biarritz.wordcamp.org\/2023\/files\/2023\/08\/badge-wcbtz-organisatrice-2.png?ssl=1\"><img data-recalc-dims=\"1\" loading=\"lazy\" decoding=\"async\" width=\"1024\" height=\"1024\" data-id=\"2647\" src=\"https:\/\/i0.wp.com\/biarritz.wordcamp.org\/2023\/files\/2023\/08\/badge-wcbtz-organisatrice-2.png?resize=1024%2C1024&#038;ssl=1\" alt=\"\" class=\"wp-image-2647\" srcset=\"https:\/\/i0.wp.com\/biarritz.wordcamp.org\/2023\/files\/2023\/08\/badge-wcbtz-organisatrice-2.png?w=1024&amp;ssl=1 1024w, https:\/\/i0.wp.com\/biarritz.wordcamp.org\/2023\/files\/2023\/08\/badge-wcbtz-organisatrice-2.png?resize=300%2C300&amp;ssl=1 300w, https:\/\/i0.wp.com\/biarritz.wordcamp.org\/2023\/files\/2023\/08\/badge-wcbtz-organisatrice-2.png?resize=150%2C150&amp;ssl=1 150w, https:\/\/i0.wp.com\/biarritz.wordcamp.org\/2023\/files\/2023\/08\/badge-wcbtz-organisatrice-2.png?resize=768%2C768&amp;ssl=1 768w\" sizes=\"auto, (max-width: 1000px) 100vw, 1000px\" \/><\/a><\/figure>\n\n\n\n<figure class=\"wp-block-image size-large\"><a href=\"https:\/\/i0.wp.com\/biarritz.wordcamp.org\/2023\/files\/2023\/08\/badge-wcbtz-organisatrice.png?ssl=1\"><img data-recalc-dims=\"1\" loading=\"lazy\" decoding=\"async\" width=\"1024\" height=\"1024\" data-id=\"2651\" src=\"https:\/\/i0.wp.com\/biarritz.wordcamp.org\/2023\/files\/2023\/08\/badge-wcbtz-organisatrice.png?resize=1024%2C1024&#038;ssl=1\" alt=\"\" class=\"wp-image-2651\" srcset=\"https:\/\/i0.wp.com\/biarritz.wordcamp.org\/2023\/files\/2023\/08\/badge-wcbtz-organisatrice.png?w=1024&amp;ssl=1 1024w, https:\/\/i0.wp.com\/biarritz.wordcamp.org\/2023\/files\/2023\/08\/badge-wcbtz-organisatrice.png?resize=300%2C300&amp;ssl=1 300w, https:\/\/i0.wp.com\/biarritz.wordcamp.org\/2023\/files\/2023\/08\/badge-wcbtz-organisatrice.png?resize=150%2C150&amp;ssl=1 150w, https:\/\/i0.wp.com\/biarritz.wordcamp.org\/2023\/files\/2023\/08\/badge-wcbtz-organisatrice.png?resize=768%2C768&amp;ssl=1 768w\" sizes=\"auto, (max-width: 1000px) 100vw, 1000px\" \/><\/a><\/figure>\n\n\n\n<figure class=\"wp-block-image size-large\"><a href=\"https:\/\/i0.wp.com\/biarritz.wordcamp.org\/2023\/files\/2023\/08\/badge-wcbtz-sponsor-2.png?ssl=1\"><img data-recalc-dims=\"1\" loading=\"lazy\" decoding=\"async\" width=\"1024\" height=\"1024\" data-id=\"2649\" src=\"https:\/\/i0.wp.com\/biarritz.wordcamp.org\/2023\/files\/2023\/08\/badge-wcbtz-sponsor-2.png?resize=1024%2C1024&#038;ssl=1\" alt=\"\" class=\"wp-image-2649\" srcset=\"https:\/\/i0.wp.com\/biarritz.wordcamp.org\/2023\/files\/2023\/08\/badge-wcbtz-sponsor-2.png?w=1024&amp;ssl=1 1024w, https:\/\/i0.wp.com\/biarritz.wordcamp.org\/2023\/files\/2023\/08\/badge-wcbtz-sponsor-2.png?resize=300%2C300&amp;ssl=1 300w, https:\/\/i0.wp.com\/biarritz.wordcamp.org\/2023\/files\/2023\/08\/badge-wcbtz-sponsor-2.png?resize=150%2C150&amp;ssl=1 150w, https:\/\/i0.wp.com\/biarritz.wordcamp.org\/2023\/files\/2023\/08\/badge-wcbtz-sponsor-2.png?resize=768%2C768&amp;ssl=1 768w\" sizes=\"auto, (max-width: 1000px) 100vw, 1000px\" \/><\/a><\/figure>\n\n\n\n<figure class=\"wp-block-image size-large\"><a href=\"https:\/\/i0.wp.com\/biarritz.wordcamp.org\/2023\/files\/2023\/08\/badge-wcbtz-sponsor.png?ssl=1\"><img data-recalc-dims=\"1\" loading=\"lazy\" decoding=\"async\" width=\"1024\" height=\"1024\" data-id=\"2652\" src=\"https:\/\/i0.wp.com\/biarritz.wordcamp.org\/2023\/files\/2023\/08\/badge-wcbtz-sponsor.png?resize=1024%2C1024&#038;ssl=1\" alt=\"\" class=\"wp-image-2652\" srcset=\"https:\/\/i0.wp.com\/biarritz.wordcamp.org\/2023\/files\/2023\/08\/badge-wcbtz-sponsor.png?w=1024&amp;ssl=1 1024w, https:\/\/i0.wp.com\/biarritz.wordcamp.org\/2023\/files\/2023\/08\/badge-wcbtz-sponsor.png?resize=300%2C300&amp;ssl=1 300w, https:\/\/i0.wp.com\/biarritz.wordcamp.org\/2023\/files\/2023\/08\/badge-wcbtz-sponsor.png?resize=150%2C150&amp;ssl=1 150w, https:\/\/i0.wp.com\/biarritz.wordcamp.org\/2023\/files\/2023\/08\/badge-wcbtz-sponsor.png?resize=768%2C768&amp;ssl=1 768w\" sizes=\"auto, (max-width: 1000px) 100vw, 1000px\" \/><\/a><\/figure>\n<\/figure>\n\n\n\n<div class=\"wp-block-buttons is-content-justification-center is-layout-flex wp-container-core-buttons-is-layout-d234f690 wp-block-buttons-is-layout-flex\" style=\"margin-top:var(--wp--preset--spacing--50);margin-bottom:var(--wp--preset--spacing--50)\">\n<div class=\"wp-block-button\"><a class=\"wp-block-button__link wp-element-button\" href=\"https:\/\/drive.google.com\/drive\/folders\/1Y8NhPDRHPGoUXr1Z7sYGWwHrmnupwuXc?usp=sharing\">T\u00e9l\u00e9charger l&rsquo;archive (PNG + SVG)<\/a><\/div>\n<\/div>\n\n\n\n<h2 class=\"wp-block-heading\">Notre Wapuu officiel<\/h2>\n\n\n\n<p>T\u00e9l\u00e9chargez notre Wapuu, la mascotte officielle du WordCamp Biarritz.<\/p>\n\n\n\n<p><\/p>\n\n\n\n<figure class=\"wp-block-image aligncenter size-medium\"><a href=\"https:\/\/i0.wp.com\/biarritz.wordcamp.org\/2023\/files\/2023\/09\/wapuu-stickers.png?ssl=1\"><img data-recalc-dims=\"1\" loading=\"lazy\" decoding=\"async\" width=\"300\" height=\"300\" src=\"https:\/\/i0.wp.com\/biarritz.wordcamp.org\/2023\/files\/2023\/09\/wapuu-stickers.png?resize=300%2C300&#038;ssl=1\" alt=\"\" class=\"wp-image-3051\" srcset=\"https:\/\/i0.wp.com\/biarritz.wordcamp.org\/2023\/files\/2023\/09\/wapuu-stickers.png?resize=300%2C300&amp;ssl=1 300w, https:\/\/i0.wp.com\/biarritz.wordcamp.org\/2023\/files\/2023\/09\/wapuu-stickers.png?resize=150%2C150&amp;ssl=1 150w, https:\/\/i0.wp.com\/biarritz.wordcamp.org\/2023\/files\/2023\/09\/wapuu-stickers.png?resize=768%2C768&amp;ssl=1 768w, https:\/\/i0.wp.com\/biarritz.wordcamp.org\/2023\/files\/2023\/09\/wapuu-stickers.png?w=1024&amp;ssl=1 1024w\" sizes=\"auto, (max-width: 300px) 100vw, 300px\" \/><\/a><\/figure>\n\n\n\n<p><\/p>\n\n\n\n<div data-wp-interactive=\"core\/file\" class=\"wp-block-file\"><object data-wp-bind--hidden=\"!state.hasPdfPreview\" hidden class=\"wp-block-file__embed\" data=\"https:\/\/biarritz.wordcamp.org\/2023\/files\/2023\/09\/wapuu-basque-badge.pdf\" type=\"application\/pdf\" style=\"width:100%;height:600px\" aria-label=\"Contenu embarqu\u00e9 wapuu-basque-badge.\"><\/object><a id=\"wp-block-file--media-78102a9b-b29b-4d68-9394-e2af0c4713ff\" href=\"https:\/\/biarritz.wordcamp.org\/2023\/files\/2023\/09\/wapuu-basque-badge.pdf\">wapuu-basque-badge<\/a><\/div>\n\n\n\n<figure class=\"wp-block-gallery has-nested-images columns-default wp-block-gallery-2 is-layout-flex wp-block-gallery-is-layout-flex\">\n<figure class=\"wp-block-image size-medium\"><a href=\"https:\/\/i0.wp.com\/biarritz.wordcamp.org\/2023\/files\/2023\/09\/wapuu-surf-1.png?ssl=1\" target=\"_blank\" rel=\"noopener\"><img data-recalc-dims=\"1\" loading=\"lazy\" decoding=\"async\" width=\"259\" height=\"300\" data-id=\"3054\" src=\"https:\/\/i0.wp.com\/biarritz.wordcamp.org\/2023\/files\/2023\/09\/wapuu-surf-1.png?resize=259%2C300&#038;ssl=1\" alt=\"\" class=\"wp-image-3054\" srcset=\"https:\/\/i0.wp.com\/biarritz.wordcamp.org\/2023\/files\/2023\/09\/wapuu-surf-1.png?resize=259%2C300&amp;ssl=1 259w, https:\/\/i0.wp.com\/biarritz.wordcamp.org\/2023\/files\/2023\/09\/wapuu-surf-1.png?resize=883%2C1024&amp;ssl=1 883w, https:\/\/i0.wp.com\/biarritz.wordcamp.org\/2023\/files\/2023\/09\/wapuu-surf-1.png?resize=768%2C891&amp;ssl=1 768w, https:\/\/i0.wp.com\/biarritz.wordcamp.org\/2023\/files\/2023\/09\/wapuu-surf-1.png?w=1024&amp;ssl=1 1024w\" sizes=\"auto, (max-width: 259px) 100vw, 259px\" \/><\/a><\/figure>\n\n\n\n<figure class=\"wp-block-image size-medium\"><a href=\"https:\/\/i0.wp.com\/biarritz.wordcamp.org\/2023\/files\/2023\/09\/wapuu-wcbiarritz.png?ssl=1\" target=\"_blank\" rel=\"noopener\"><img data-recalc-dims=\"1\" loading=\"lazy\" decoding=\"async\" width=\"300\" height=\"279\" data-id=\"3055\" src=\"https:\/\/i0.wp.com\/biarritz.wordcamp.org\/2023\/files\/2023\/09\/wapuu-wcbiarritz.png?resize=300%2C279&#038;ssl=1\" alt=\"\" class=\"wp-image-3055\" srcset=\"https:\/\/i0.wp.com\/biarritz.wordcamp.org\/2023\/files\/2023\/09\/wapuu-wcbiarritz.png?resize=300%2C279&amp;ssl=1 300w, https:\/\/i0.wp.com\/biarritz.wordcamp.org\/2023\/files\/2023\/09\/wapuu-wcbiarritz.png?resize=768%2C714&amp;ssl=1 768w, https:\/\/i0.wp.com\/biarritz.wordcamp.org\/2023\/files\/2023\/09\/wapuu-wcbiarritz.png?resize=323%2C300&amp;ssl=1 323w, https:\/\/i0.wp.com\/biarritz.wordcamp.org\/2023\/files\/2023\/09\/wapuu-wcbiarritz.png?w=1024&amp;ssl=1 1024w\" sizes=\"auto, (max-width: 300px) 100vw, 300px\" \/><\/a><\/figure>\n<\/figure>\n<\/div>\n\n\n\n<p><\/p>\n","protected":false},"excerpt":{"rendered":"<p>Communiqu\u00e9 de presse Toutes les informations relatives \u00e0 notre \u00e9v\u00e8nement dans ce document \u00e0 destination des journalistes, des blogueurs et autres influenceurs. Badges Notre Wapuu officiel T\u00e9l\u00e9chargez notre Wapuu, la mascotte officielle du WordCamp Biarritz.<\/p>\n","protected":false},"author":388646,"featured_media":1566,"parent":0,"menu_order":0,"comment_status":"closed","ping_status":"closed","template":"","meta":{"advanced_seo_description":"","jetpack_seo_html_title":"","jetpack_seo_noindex":false,"jetpack_post_was_ever_published":false,"footnotes":""},"class_list":["post-2640","page","type-page","status-publish","has-post-thumbnail","hentry"],"jetpack_sharing_enabled":true,"_links":{"self":[{"href":"https:\/\/biarritz.wordcamp.org\/2023\/wp-json\/wp\/v2\/pages\/2640","targetHints":{"allow":["GET"]}}],"collection":[{"href":"https:\/\/biarritz.wordcamp.org\/2023\/wp-json\/wp\/v2\/pages"}],"about":[{"href":"https:\/\/biarritz.wordcamp.org\/2023\/wp-json\/wp\/v2\/types\/page"}],"author":[{"embeddable":true,"href":"https:\/\/biarritz.wordcamp.org\/2023\/wp-json\/wp\/v2\/users\/388646"}],"replies":[{"embeddable":true,"href":"https:\/\/biarritz.wordcamp.org\/2023\/wp-json\/wp\/v2\/comments?post=2640"}],"version-history":[{"count":19,"href":"https:\/\/biarritz.wordcamp.org\/2023\/wp-json\/wp\/v2\/pages\/2640\/revisions"}],"predecessor-version":[{"id":3057,"href":"https:\/\/biarritz.wordcamp.org\/2023\/wp-json\/wp\/v2\/pages\/2640\/revisions\/3057"}],"wp:featuredmedia":[{"embeddable":true,"href":"https:\/\/biarritz.wordcamp.org\/2023\/wp-json\/wp\/v2\/media\/1566"}],"wp:attachment":[{"href":"https:\/\/biarritz.wordcamp.org\/2023\/wp-json\/wp\/v2\/media?parent=2640"}],"curies":[{"name":"wp","href":"https:\/\/api.w.org\/{rel}","templated":true}]}}