{"id":12,"date":"2023-03-31T23:48:01","date_gmt":"2023-03-31T21:48:01","guid":{"rendered":"https:\/\/biarritz.wordcamp.org\/2023\/organizers\/"},"modified":"2023-05-12T16:51:11","modified_gmt":"2023-05-12T14:51:11","slug":"equipe","status":"publish","type":"page","link":"https:\/\/biarritz.wordcamp.org\/2023\/equipe\/","title":{"rendered":"L&rsquo;\u00e9quipe"},"content":{"rendered":"\n<div class=\"wp-block-group alignwide has-global-padding is-layout-constrained wp-block-group-is-layout-constrained\">\n<div class=\"wp-block-query alignwide is-layout-flow wp-block-query-is-layout-flow\"><ul class=\"wp-block-post-template is-layout-flow wp-block-post-template-is-layout-flow\"><li class=\"wp-block-post post-471 wcb_organizer type-wcb_organizer status-publish has-post-thumbnail hentry wcb_organizer_team-coordination\">\n<figure style=\"aspect-ratio:auto;width:300px;height:300px;\" class=\"wp-block-post-featured-image\"><img data-recalc-dims=\"1\" loading=\"lazy\" decoding=\"async\" width=\"2048\" height=\"2048\" src=\"https:\/\/i0.wp.com\/biarritz.wordcamp.org\/2023\/files\/2023\/04\/aurelien-denis.jpg?resize=2048%2C2048&#038;ssl=1\" class=\"attachment-post-thumbnail size-post-thumbnail wp-post-image\" alt=\"\" style=\"border-radius:0.5rem;width:100%;height:100%;object-fit:cover;\" srcset=\"https:\/\/i0.wp.com\/biarritz.wordcamp.org\/2023\/files\/2023\/04\/aurelien-denis.jpg?w=2048&amp;ssl=1 2048w, https:\/\/i0.wp.com\/biarritz.wordcamp.org\/2023\/files\/2023\/04\/aurelien-denis.jpg?resize=300%2C300&amp;ssl=1 300w, https:\/\/i0.wp.com\/biarritz.wordcamp.org\/2023\/files\/2023\/04\/aurelien-denis.jpg?resize=1024%2C1024&amp;ssl=1 1024w, https:\/\/i0.wp.com\/biarritz.wordcamp.org\/2023\/files\/2023\/04\/aurelien-denis.jpg?resize=150%2C150&amp;ssl=1 150w, https:\/\/i0.wp.com\/biarritz.wordcamp.org\/2023\/files\/2023\/04\/aurelien-denis.jpg?resize=768%2C768&amp;ssl=1 768w, https:\/\/i0.wp.com\/biarritz.wordcamp.org\/2023\/files\/2023\/04\/aurelien-denis.jpg?resize=1536%2C1536&amp;ssl=1 1536w\" sizes=\"auto, (max-width: 1000px) 100vw, 1000px\" \/><span class=\"wp-block-post-featured-image__overlay has-background-dim has-background-dim-20 has-custom-toolbox-background-color\" style=\"border-radius:0.5rem\" aria-hidden=\"true\"><\/span><\/figure>\n\n<h2 class=\"has-link-color wp-elements-3aeae2b6ba098474e0334ffbfcb3f764 wp-block-post-title\">Aur\u00e9lien Denis<\/h2>\n\n<div class=\"entry-content wp-block-post-content is-layout-flow wp-block-post-content-is-layout-flow\">\n<p>Consultant et d\u00e9veloppeur WordPress depuis plus de 12 ans, Aur\u00e9lien partage son expertise au travers du blog WP channel avec plus de 500 articles techniques.<\/p>\n\n\n\n<p>Sa sp\u00e9cialit\u00e9 ? Le d\u00e9veloppement de th\u00e8mes WordPress sur-mesure avec des architectures d\u2019information complexes. C\u2019est aussi un passionn\u00e9 de WooCommerce qu\u2019il affectionne particuli\u00e8rement pour concevoir des sites e-commerce sans limites pour ses clients.<\/p>\n<\/div>\n<\/li><li class=\"wp-block-post post-473 wcb_organizer type-wcb_organizer status-publish has-post-thumbnail hentry wcb_organizer_team-coordination\">\n<figure style=\"aspect-ratio:auto;width:300px;height:300px;\" class=\"wp-block-post-featured-image\"><img data-recalc-dims=\"1\" loading=\"lazy\" decoding=\"async\" width=\"2048\" height=\"2048\" src=\"https:\/\/i0.wp.com\/biarritz.wordcamp.org\/2023\/files\/2023\/04\/benjamin-denis.jpeg?resize=2048%2C2048&#038;ssl=1\" class=\"attachment-post-thumbnail size-post-thumbnail wp-post-image\" alt=\"\" style=\"border-radius:0.5rem;width:100%;height:100%;object-fit:cover;\" srcset=\"https:\/\/i0.wp.com\/biarritz.wordcamp.org\/2023\/files\/2023\/04\/benjamin-denis.jpeg?w=2048&amp;ssl=1 2048w, https:\/\/i0.wp.com\/biarritz.wordcamp.org\/2023\/files\/2023\/04\/benjamin-denis.jpeg?resize=300%2C300&amp;ssl=1 300w, https:\/\/i0.wp.com\/biarritz.wordcamp.org\/2023\/files\/2023\/04\/benjamin-denis.jpeg?resize=1024%2C1024&amp;ssl=1 1024w, https:\/\/i0.wp.com\/biarritz.wordcamp.org\/2023\/files\/2023\/04\/benjamin-denis.jpeg?resize=150%2C150&amp;ssl=1 150w, https:\/\/i0.wp.com\/biarritz.wordcamp.org\/2023\/files\/2023\/04\/benjamin-denis.jpeg?resize=768%2C768&amp;ssl=1 768w, https:\/\/i0.wp.com\/biarritz.wordcamp.org\/2023\/files\/2023\/04\/benjamin-denis.jpeg?resize=1536%2C1536&amp;ssl=1 1536w\" sizes=\"auto, (max-width: 1000px) 100vw, 1000px\" \/><span class=\"wp-block-post-featured-image__overlay has-background-dim has-background-dim-20 has-custom-toolbox-background-color\" style=\"border-radius:0.5rem\" aria-hidden=\"true\"><\/span><\/figure>\n\n<h2 class=\"has-link-color wp-elements-3aeae2b6ba098474e0334ffbfcb3f764 wp-block-post-title\">Benjamin Denis<\/h2>\n\n<div class=\"entry-content wp-block-post-content is-layout-flow wp-block-post-content-is-layout-flow\">\n<p>WordPress enthusiast since 15 years.<\/p>\n\n\n\n<p>Founder of SEOPress, the best WordPress SEO plugin: seopress.org<\/p>\n\n\n\n<p>CEO at SEOPress SAS since 4 years building the most advanced search engine optimization plugin for WordPress with on-site and off-site features.<\/p>\n\n\n\n<p>Most affordable SEO plugin for WordPress on the market!<\/p>\n<\/div>\n<\/li><li class=\"wp-block-post post-1301 wcb_organizer type-wcb_organizer status-publish has-post-thumbnail hentry wcb_organizer_team-coordination\">\n<figure style=\"aspect-ratio:auto;width:300px;height:300px;\" class=\"wp-block-post-featured-image\"><img data-recalc-dims=\"1\" loading=\"lazy\" decoding=\"async\" width=\"663\" height=\"664\" src=\"https:\/\/i0.wp.com\/biarritz.wordcamp.org\/2023\/files\/2023\/05\/moiphotoid.jpg?resize=663%2C664&#038;ssl=1\" class=\"attachment-post-thumbnail size-post-thumbnail wp-post-image\" alt=\"\" style=\"border-radius:0.5rem;width:100%;height:100%;object-fit:cover;\" srcset=\"https:\/\/i0.wp.com\/biarritz.wordcamp.org\/2023\/files\/2023\/05\/moiphotoid.jpg?w=663&amp;ssl=1 663w, https:\/\/i0.wp.com\/biarritz.wordcamp.org\/2023\/files\/2023\/05\/moiphotoid.jpg?resize=300%2C300&amp;ssl=1 300w, https:\/\/i0.wp.com\/biarritz.wordcamp.org\/2023\/files\/2023\/05\/moiphotoid.jpg?resize=150%2C150&amp;ssl=1 150w\" sizes=\"auto, (max-width: 663px) 100vw, 663px\" \/><span class=\"wp-block-post-featured-image__overlay has-background-dim has-background-dim-20 has-custom-toolbox-background-color\" style=\"border-radius:0.5rem\" aria-hidden=\"true\"><\/span><\/figure>\n\n<h2 class=\"has-link-color wp-elements-3aeae2b6ba098474e0334ffbfcb3f764 wp-block-post-title\">Benjamin Montr\u00e9<\/h2>\n\n<div class=\"entry-content wp-block-post-content is-layout-flow wp-block-post-content-is-layout-flow\">\n<p>Responsable informatique\/t\u00e9l\u00e9phonie\/\u00e7a-imprime-plus\/\u00e7a-rame d\u2019une association de protection de l\u2019enfance de 200 personnes. J\u2019y utilise WordPress pour le site intranet qui inclut la gestion de tickets support, de la GED et d&rsquo;autres bricoles (le tout connect\u00e9 au LDAP de notre Active Directory, ouah cool ! Non ? Bon\u2026). 3<sup>e<\/sup> WordCamp, avec toujours la m\u00eame \u00e9quipe (sinon j&rsquo;aurais pas sign\u00e9 !) [ndlr : ce texte n&rsquo;ayant pas \u00e9t\u00e9 r\u00e9dig\u00e9 par une AI, il peut contenir fautes, humour pas dr\u00f4le et phrases bancales]<\/p>\n<\/div>\n<\/li><li class=\"wp-block-post post-469 wcb_organizer type-wcb_organizer status-publish has-post-thumbnail hentry wcb_organizer_team-coordination\">\n<figure style=\"aspect-ratio:auto;width:300px;height:300px;\" class=\"wp-block-post-featured-image\"><img data-recalc-dims=\"1\" loading=\"lazy\" decoding=\"async\" width=\"204\" height=\"204\" src=\"https:\/\/i0.wp.com\/biarritz.wordcamp.org\/2023\/files\/2023\/04\/francois-xavier-benard.jpeg?resize=204%2C204&#038;ssl=1\" class=\"attachment-post-thumbnail size-post-thumbnail wp-post-image\" alt=\"\" style=\"border-radius:0.5rem;width:100%;height:100%;object-fit:cover;\" srcset=\"https:\/\/i0.wp.com\/biarritz.wordcamp.org\/2023\/files\/2023\/04\/francois-xavier-benard.jpeg?w=204&amp;ssl=1 204w, https:\/\/i0.wp.com\/biarritz.wordcamp.org\/2023\/files\/2023\/04\/francois-xavier-benard.jpeg?resize=150%2C150&amp;ssl=1 150w\" sizes=\"auto, (max-width: 204px) 100vw, 204px\" \/><span class=\"wp-block-post-featured-image__overlay has-background-dim has-background-dim-20 has-custom-toolbox-background-color\" style=\"border-radius:0.5rem\" aria-hidden=\"true\"><\/span><\/figure>\n\n<h2 class=\"has-link-color wp-elements-3aeae2b6ba098474e0334ffbfcb3f764 wp-block-post-title\">Fran\u00e7ois-Xavier (FX) B\u00e9nard<\/h2>\n\n<div class=\"entry-content wp-block-post-content is-layout-flow wp-block-post-content-is-layout-flow\">\n<p>Responsable de la traduction officielle fran\u00e7aise de WordPress depuis une dizaine d&rsquo;ann\u00e9es, je traduis en fran\u00e7ais tout ce qui touche \u00e0 l\u2019\u00e9cosyst\u00e8me de WordPress. <\/p>\n\n\n\n<p>CEO et co-fondateur de <a href=\"http:\/\/wp-translations.pro\">WP-Translations<\/a> et <a href=\"http:\/\/translationspress.com\">TranslationsPress<\/a>, les solutions de traduction et d\u2018h\u00e9bergement 100% WordPress de th\u00e8mes et extensions WordPress. <br>Gravity Forms, SEOPress, Polylang, Yoast, MailPoet et bien d\u2019autres nous pourront vous le dire.<\/p>\n\n\n\n<p>Orateur au WordCamp Paris, organisateur du WordPress Translation Day et des WordCamps Bordeaux, vous l\u2019avez compris je participe \u00e0 l\u2019effort de traduction et la communaut\u00e9 francophone de WordPress.<\/p>\n\n\n\n<p>Et aujourd\u2018hui organisateur du WordCamp Biarritz, au plaisir de vous y rencontrer.<\/p>\n<\/div>\n<\/li><li class=\"wp-block-post post-1461 wcb_organizer type-wcb_organizer status-publish has-post-thumbnail hentry wcb_organizer_team-coordination\">\n<figure style=\"aspect-ratio:auto;width:300px;height:300px;\" class=\"wp-block-post-featured-image\"><img data-recalc-dims=\"1\" loading=\"lazy\" decoding=\"async\" width=\"600\" height=\"600\" src=\"https:\/\/i0.wp.com\/biarritz.wordcamp.org\/2023\/files\/2023\/05\/liw-studio-marina.png?resize=600%2C600&#038;ssl=1\" class=\"attachment-post-thumbnail size-post-thumbnail wp-post-image\" alt=\"\" style=\"border-radius:0.5rem;width:100%;height:100%;object-fit:cover;\" srcset=\"https:\/\/i0.wp.com\/biarritz.wordcamp.org\/2023\/files\/2023\/05\/liw-studio-marina.png?w=600&amp;ssl=1 600w, https:\/\/i0.wp.com\/biarritz.wordcamp.org\/2023\/files\/2023\/05\/liw-studio-marina.png?resize=300%2C300&amp;ssl=1 300w, https:\/\/i0.wp.com\/biarritz.wordcamp.org\/2023\/files\/2023\/05\/liw-studio-marina.png?resize=150%2C150&amp;ssl=1 150w\" sizes=\"auto, (max-width: 600px) 100vw, 600px\" \/><span class=\"wp-block-post-featured-image__overlay has-background-dim has-background-dim-20 has-custom-toolbox-background-color\" style=\"border-radius:0.5rem\" aria-hidden=\"true\"><\/span><\/figure>\n\n<h2 class=\"has-link-color wp-elements-3aeae2b6ba098474e0334ffbfcb3f764 wp-block-post-title\">Marina Mourguiart<\/h2>\n\n<div class=\"entry-content wp-block-post-content is-layout-flow wp-block-post-content-is-layout-flow\">\n<p>Directrice Artistique Web sp\u00e9cialis\u00e9e WordPress depuis plus de 10 ans et fondatrice de <a href=\"https:\/\/liwstudio.com\" data-type=\"URL\" data-id=\"https:\/\/liwstudio.com\" target=\"_blank\" rel=\"noreferrer noopener\">Liw studio<\/a>. J&rsquo;ai particip\u00e9 \u00e0 plusieurs WordCamps, BootCamps et  suis aujourd&rsquo;hui en charge de la partie design de l&rsquo;\u00e9v\u00e9nement.<\/p>\n\n\n\n<p><\/p>\n\n\n\n<p>Webdesigner de m\u00e9tier, j&rsquo;ai rapidement appris \u00e0 coder et cr\u00e9er des th\u00e8mes WordPress sur-mesure pour en comprendre tous les secrets&#8230; J&rsquo;aime la libert\u00e9 cr\u00e9ative que permet WordPress !<\/p>\n\n\n\n<p>La gestion du cerveau gauche et droit entre le design et le code devenant compliqu\u00e9e \ud83d\ude35\u200d\ud83d\udcab&#8230; depuis 2 ans, je me concentre \u00e0 100% sur la cr\u00e9ation de sites WordPress no-code (ou presque). Avec Liw studio, je propose des th\u00e8mes WordPress Elementor et accompagne les entrepreneur\u00b7es dans la cr\u00e9ation de leur site.<\/p>\n\n\n\n<p>  <\/p>\n<\/div>\n<\/li><li class=\"wp-block-post post-1456 wcb_organizer type-wcb_organizer status-publish hentry\">\n\n\n<h2 class=\"has-link-color wp-elements-3aeae2b6ba098474e0334ffbfcb3f764 wp-block-post-title\">Thomas Piron<\/h2>\n\n<div class=\"entry-content wp-block-post-content is-layout-flow wp-block-post-content-is-layout-flow\">\n<p>Imprimeur de profession mais depuis toujours passionn\u00e9 par le web et autodidacte dans la cr\u00e9ation de site web. Apr\u00e8s beaucoup d&rsquo;essais de CMS, le choix s&rsquo;est naturellement port\u00e9 sur\u00a0WordPress pour sa facilit\u00e9 d&rsquo;utilisation et de personnalisation.\u00a0Un peu de traduction et d&rsquo;entre-aide sur le Slack, quelques Meetups \u00e0 Toulouse et \u00e0 Bordeaux, un WP Tech et un WordCamp Paris plus tard et me voil\u00e0 \u00e0 participer \u00e0 l&rsquo;organisation des deux WordCamp Bordeaux en 2017 et 2019.<\/p>\n<\/div>\n<\/li><\/ul><\/div>\n<\/div>\n","protected":false},"excerpt":{"rendered":"","protected":false},"author":388646,"featured_media":1304,"parent":0,"menu_order":0,"comment_status":"closed","ping_status":"closed","template":"","meta":{"advanced_seo_description":"","jetpack_seo_html_title":"","jetpack_seo_noindex":false,"jetpack_post_was_ever_published":false,"footnotes":""},"class_list":["post-12","page","type-page","status-publish","has-post-thumbnail","hentry"],"jetpack_sharing_enabled":true,"_links":{"self":[{"href":"https:\/\/biarritz.wordcamp.org\/2023\/wp-json\/wp\/v2\/pages\/12","targetHints":{"allow":["GET"]}}],"collection":[{"href":"https:\/\/biarritz.wordcamp.org\/2023\/wp-json\/wp\/v2\/pages"}],"about":[{"href":"https:\/\/biarritz.wordcamp.org\/2023\/wp-json\/wp\/v2\/types\/page"}],"author":[{"embeddable":true,"href":"https:\/\/biarritz.wordcamp.org\/2023\/wp-json\/wp\/v2\/users\/388646"}],"replies":[{"embeddable":true,"href":"https:\/\/biarritz.wordcamp.org\/2023\/wp-json\/wp\/v2\/comments?post=12"}],"version-history":[{"count":27,"href":"https:\/\/biarritz.wordcamp.org\/2023\/wp-json\/wp\/v2\/pages\/12\/revisions"}],"predecessor-version":[{"id":1319,"href":"https:\/\/biarritz.wordcamp.org\/2023\/wp-json\/wp\/v2\/pages\/12\/revisions\/1319"}],"wp:featuredmedia":[{"embeddable":true,"href":"https:\/\/biarritz.wordcamp.org\/2023\/wp-json\/wp\/v2\/media\/1304"}],"wp:attachment":[{"href":"https:\/\/biarritz.wordcamp.org\/2023\/wp-json\/wp\/v2\/media?parent=12"}],"curies":[{"name":"wp","href":"https:\/\/api.w.org\/{rel}","templated":true}]}}